{"id":1355,"date":"2025-06-15T12:32:32","date_gmt":"2025-06-15T10:32:32","guid":{"rendered":"https:\/\/www.zahnkostensparen.de\/protez"},"modified":"2025-08-27T18:41:42","modified_gmt":"2025-08-27T16:41:42","slug":"protez","status":"publish","type":"page","link":"https:\/\/www.zahnkostensparen.de\/tr\/protez","title":{"rendered":"Protez"},"content":{"rendered":"\n<div class=\"wp-block-cover alignfull is-light\" style=\"padding-top:var(--wp--preset--spacing--three);padding-bottom:var(--wp--preset--spacing--three);min-height:142px;aspect-ratio:unset;\"><span aria-hidden=\"true\" class=\"wp-block-cover__background has-hellblau-background-color has-background-dim-100 has-background-dim\"><\/span><div class=\"wp-block-cover__inner-container is-layout-constrained wp-block-cover-is-layout-constrained\">\n<h1 class=\"wp-block-heading has-text-align-center has-blau-color has-text-color has-link-color wp-elements-d583898b01c388b59422fbf656135d77\">Profesyonellerden uygun fiyatl\u0131 protezler<\/h1>\n\n\n\n<p class=\"has-text-align-center has-dunkelblau-color has-text-color has-link-color wp-elements-047dbe4d0ace868bd99498161bc2321d\">Protez tipinizi se\u00e7in ve bizden fiyat teklifi isteyin.<\/p>\n<\/div><\/div>\n\n\n\n<div class=\"wp-block-query alignwide is-layout-flow wp-block-query-is-layout-flow\"><ul class=\"columns-3 wp-block-post-template is-layout-grid wp-container-core-post-template-is-layout-e990e8ce wp-block-post-template-is-layout-grid\"><li class=\"wp-block-post post-1351 page type-page status-publish has-post-thumbnail hentry\">\n<figure style=\"aspect-ratio:16\/9;\" class=\"wp-block-post-featured-image\"><a href=\"https:\/\/www.zahnkostensparen.de\/tr\/protez\/kaplama\" target=\"_self\"  ><img loading=\"lazy\" decoding=\"async\" width=\"3600\" height=\"2403\" src=\"https:\/\/www.zahnkostensparen.de\/wp-content\/uploads\/sites\/2\/2025\/06\/veneer-scaled.jpeg\" class=\"attachment-post-thumbnail size-post-thumbnail wp-post-image\" alt=\"Kaplama\" style=\"border-radius:15px;width:100%;height:100%;object-fit:cover;\" srcset=\"https:\/\/www.zahnkostensparen.de\/wp-content\/uploads\/sites\/2\/2025\/06\/veneer-scaled.jpeg 3600w, https:\/\/www.zahnkostensparen.de\/wp-content\/uploads\/sites\/2\/2025\/06\/veneer-300x200.jpeg 300w, https:\/\/www.zahnkostensparen.de\/wp-content\/uploads\/sites\/2\/2025\/06\/veneer-1024x684.jpeg 1024w, https:\/\/www.zahnkostensparen.de\/wp-content\/uploads\/sites\/2\/2025\/06\/veneer-768x513.jpeg 768w, https:\/\/www.zahnkostensparen.de\/wp-content\/uploads\/sites\/2\/2025\/06\/veneer-1536x1025.jpeg 1536w, https:\/\/www.zahnkostensparen.de\/wp-content\/uploads\/sites\/2\/2025\/06\/veneer-2048x1367.jpeg 2048w\" sizes=\"auto, (max-width: 3600px) 100vw, 3600px\" \/><\/a><\/figure>\n\n<h2 class=\"wp-block-post-title\"><a href=\"https:\/\/www.zahnkostensparen.de\/tr\/protez\/kaplama\" target=\"_self\" >Kaplama<\/a><\/h2>\n\n<div style=\"margin-top:var(--wp--preset--spacing--one);\" class=\"wp-block-post-excerpt\"><p class=\"wp-block-post-excerpt__excerpt\">Kaplamalar kusursuz bir g\u00fcl\u00fcmseme sa\u011flar &#8211; ayr\u0131 ayr\u0131 \u00fcretilir ve y\u00fcksek kalitede. Memnuniyet garantisi de dahil olmak \u00fczere estetik a\u00e7\u0131dan m\u00fckemmel sonu\u00e7lara sahip uygun fiyatl\u0131 kaplamalar sunuyoruz.<\/p><p class=\"wp-block-post-excerpt__more-text\"><a class=\"wp-block-post-excerpt__more-link\" href=\"https:\/\/www.zahnkostensparen.de\/tr\/protez\/kaplama\">Uzak<\/a><\/p><\/div>\n<\/li><li class=\"wp-block-post post-1345 page type-page status-publish has-post-thumbnail hentry\">\n<figure style=\"aspect-ratio:16\/9;\" class=\"wp-block-post-featured-image\"><a href=\"https:\/\/www.zahnkostensparen.de\/tr\/protez\/kakma\" target=\"_self\"  ><img loading=\"lazy\" decoding=\"async\" width=\"3500\" height=\"2094\" src=\"https:\/\/www.zahnkostensparen.de\/wp-content\/uploads\/sites\/2\/2025\/06\/inlay.jpg\" class=\"attachment-post-thumbnail size-post-thumbnail wp-post-image\" alt=\"Kakma\" style=\"border-radius:15px;width:100%;height:100%;object-fit:cover;\" srcset=\"https:\/\/www.zahnkostensparen.de\/wp-content\/uploads\/sites\/2\/2025\/06\/inlay.jpg 3500w, https:\/\/www.zahnkostensparen.de\/wp-content\/uploads\/sites\/2\/2025\/06\/inlay-300x179.jpg 300w, https:\/\/www.zahnkostensparen.de\/wp-content\/uploads\/sites\/2\/2025\/06\/inlay-1024x613.jpg 1024w, https:\/\/www.zahnkostensparen.de\/wp-content\/uploads\/sites\/2\/2025\/06\/inlay-768x459.jpg 768w, https:\/\/www.zahnkostensparen.de\/wp-content\/uploads\/sites\/2\/2025\/06\/inlay-1536x919.jpg 1536w, https:\/\/www.zahnkostensparen.de\/wp-content\/uploads\/sites\/2\/2025\/06\/inlay-2048x1225.jpg 2048w\" sizes=\"auto, (max-width: 3500px) 100vw, 3500px\" \/><\/a><\/figure>\n\n<h2 class=\"wp-block-post-title\"><a href=\"https:\/\/www.zahnkostensparen.de\/tr\/protez\/kakma\" target=\"_self\" >Kakma<\/a><\/h2>\n\n<div style=\"margin-top:var(--wp--preset--spacing--one);\" class=\"wp-block-post-excerpt\"><p class=\"wp-block-post-excerpt__excerpt\">\u0130nleyler, arka b\u00f6lgedeki b\u00fcy\u00fck di\u015f hasarlar\u0131 i\u00e7in dayan\u0131kl\u0131 ve y\u00fcksek kaliteli bir \u00e7\u00f6z\u00fcm sunar. Plastik, metal veya seramikten yap\u0131lm\u0131\u015f kakmalar \u00fcretiyoruz \u2013 \u00f6zel montajl\u0131, estetik ve uygun fiyatl\u0131.<\/p><p class=\"wp-block-post-excerpt__more-text\"><a class=\"wp-block-post-excerpt__more-link\" href=\"https:\/\/www.zahnkostensparen.de\/tr\/protez\/kakma\">Uzak<\/a><\/p><\/div>\n<\/li><li class=\"wp-block-post post-1343 page type-page status-publish has-post-thumbnail hentry\">\n<figure style=\"aspect-ratio:16\/9;\" class=\"wp-block-post-featured-image\"><a href=\"https:\/\/www.zahnkostensparen.de\/tr\/protez\/koeprue\" target=\"_self\"  ><img loading=\"lazy\" decoding=\"async\" width=\"3600\" height=\"2323\" src=\"https:\/\/www.zahnkostensparen.de\/wp-content\/uploads\/sites\/2\/2025\/06\/gebiss-wird-bearbeitet-scaled.jpg\" class=\"attachment-post-thumbnail size-post-thumbnail wp-post-image\" alt=\"K\u00f6pr\u00fc\" style=\"border-radius:15px;width:100%;height:100%;object-fit:cover;\" srcset=\"https:\/\/www.zahnkostensparen.de\/wp-content\/uploads\/sites\/2\/2025\/06\/gebiss-wird-bearbeitet-scaled.jpg 3600w, https:\/\/www.zahnkostensparen.de\/wp-content\/uploads\/sites\/2\/2025\/06\/gebiss-wird-bearbeitet-300x194.jpg 300w, https:\/\/www.zahnkostensparen.de\/wp-content\/uploads\/sites\/2\/2025\/06\/gebiss-wird-bearbeitet-1024x661.jpg 1024w, https:\/\/www.zahnkostensparen.de\/wp-content\/uploads\/sites\/2\/2025\/06\/gebiss-wird-bearbeitet-768x496.jpg 768w, https:\/\/www.zahnkostensparen.de\/wp-content\/uploads\/sites\/2\/2025\/06\/gebiss-wird-bearbeitet-1536x991.jpg 1536w, https:\/\/www.zahnkostensparen.de\/wp-content\/uploads\/sites\/2\/2025\/06\/gebiss-wird-bearbeitet-2048x1322.jpg 2048w\" sizes=\"auto, (max-width: 3600px) 100vw, 3600px\" \/><\/a><\/figure>\n\n<h2 class=\"wp-block-post-title\"><a href=\"https:\/\/www.zahnkostensparen.de\/tr\/protez\/koeprue\" target=\"_self\" >K\u00f6pr\u00fc<\/a><\/h2>\n\n<div style=\"margin-top:var(--wp--preset--spacing--one);\" class=\"wp-block-post-excerpt\"><p class=\"wp-block-post-excerpt__excerpt\">Bir di\u015f k\u00f6pr\u00fcs\u00fc, bir veya daha fazla eksik di\u015fin yerini alabilir ve sizin i\u00e7in farkl\u0131 malzeme tasar\u0131mlar\u0131nda \u00fcretilebilir. 4 y\u0131l garanti ile makul bir fiyata di\u015f k\u00f6pr\u00fcleri \u00fcretiyoruz.<\/p><p class=\"wp-block-post-excerpt__more-text\"><a class=\"wp-block-post-excerpt__more-link\" href=\"https:\/\/www.zahnkostensparen.de\/tr\/protez\/koeprue\">Uzak<\/a><\/p><\/div>\n<\/li><li class=\"wp-block-post post-1341 page type-page status-publish has-post-thumbnail hentry\">\n<figure style=\"aspect-ratio:16\/9;\" class=\"wp-block-post-featured-image\"><a href=\"https:\/\/www.zahnkostensparen.de\/tr\/protez\/dis-kronlari\" target=\"_self\"  ><img loading=\"lazy\" decoding=\"async\" width=\"3600\" height=\"2324\" src=\"https:\/\/www.zahnkostensparen.de\/wp-content\/uploads\/sites\/2\/2025\/06\/zahnkrone-fertigung-scaled.jpg\" class=\"attachment-post-thumbnail size-post-thumbnail wp-post-image\" alt=\"Di\u015f kronlar\u0131\" style=\"border-radius:15px;width:100%;height:100%;object-fit:cover;\" srcset=\"https:\/\/www.zahnkostensparen.de\/wp-content\/uploads\/sites\/2\/2025\/06\/zahnkrone-fertigung-scaled.jpg 3600w, https:\/\/www.zahnkostensparen.de\/wp-content\/uploads\/sites\/2\/2025\/06\/zahnkrone-fertigung-300x194.jpg 300w, https:\/\/www.zahnkostensparen.de\/wp-content\/uploads\/sites\/2\/2025\/06\/zahnkrone-fertigung-1024x661.jpg 1024w, https:\/\/www.zahnkostensparen.de\/wp-content\/uploads\/sites\/2\/2025\/06\/zahnkrone-fertigung-768x496.jpg 768w, https:\/\/www.zahnkostensparen.de\/wp-content\/uploads\/sites\/2\/2025\/06\/zahnkrone-fertigung-1536x992.jpg 1536w, https:\/\/www.zahnkostensparen.de\/wp-content\/uploads\/sites\/2\/2025\/06\/zahnkrone-fertigung-2048x1322.jpg 2048w\" sizes=\"auto, (max-width: 3600px) 100vw, 3600px\" \/><\/a><\/figure>\n\n<h2 class=\"wp-block-post-title\"><a href=\"https:\/\/www.zahnkostensparen.de\/tr\/protez\/dis-kronlari\" target=\"_self\" >Di\u015f kronlar\u0131<\/a><\/h2>\n\n<div style=\"margin-top:var(--wp--preset--spacing--one);\" class=\"wp-block-post-excerpt\"><p class=\"wp-block-post-excerpt__excerpt\">Bir di\u015f kronu, ciddi \u015fekilde hasar g\u00f6rm\u00fc\u015f veya a\u011f\u0131r dolgulu di\u015fleri stabilize edebilir ve sizin i\u00e7in \u00e7e\u015fitli malzemelerden yap\u0131labilir. 4 y\u0131l garanti ile makul bir fiyata di\u015f kronlar\u0131 \u00fcretiyoruz.<\/p><p class=\"wp-block-post-excerpt__more-text\"><a class=\"wp-block-post-excerpt__more-link\" href=\"https:\/\/www.zahnkostensparen.de\/tr\/protez\/dis-kronlari\">Uzak<\/a><\/p><\/div>\n<\/li><li class=\"wp-block-post post-1333 page type-page status-publish has-post-thumbnail hentry\">\n<figure style=\"aspect-ratio:16\/9;\" class=\"wp-block-post-featured-image\"><a href=\"https:\/\/www.zahnkostensparen.de\/tr\/protez\/tam-protezler\" target=\"_self\"  ><img loading=\"lazy\" decoding=\"async\" width=\"2500\" height=\"1551\" src=\"https:\/\/www.zahnkostensparen.de\/wp-content\/uploads\/sites\/2\/2025\/06\/dritte-zaehne.jpg\" class=\"attachment-post-thumbnail size-post-thumbnail wp-post-image\" alt=\"Tam protezler\" style=\"border-radius:15px;width:100%;height:100%;object-fit:cover;\" srcset=\"https:\/\/www.zahnkostensparen.de\/wp-content\/uploads\/sites\/2\/2025\/06\/dritte-zaehne.jpg 2500w, https:\/\/www.zahnkostensparen.de\/wp-content\/uploads\/sites\/2\/2025\/06\/dritte-zaehne-300x186.jpg 300w, https:\/\/www.zahnkostensparen.de\/wp-content\/uploads\/sites\/2\/2025\/06\/dritte-zaehne-1024x635.jpg 1024w, https:\/\/www.zahnkostensparen.de\/wp-content\/uploads\/sites\/2\/2025\/06\/dritte-zaehne-768x476.jpg 768w, https:\/\/www.zahnkostensparen.de\/wp-content\/uploads\/sites\/2\/2025\/06\/dritte-zaehne-1536x953.jpg 1536w, https:\/\/www.zahnkostensparen.de\/wp-content\/uploads\/sites\/2\/2025\/06\/dritte-zaehne-2048x1271.jpg 2048w\" sizes=\"auto, (max-width: 2500px) 100vw, 2500px\" \/><\/a><\/figure>\n\n<h2 class=\"wp-block-post-title\"><a href=\"https:\/\/www.zahnkostensparen.de\/tr\/protez\/tam-protezler\" target=\"_self\" >Tam protezler<\/a><\/h2>\n\n<div style=\"margin-top:var(--wp--preset--spacing--one);\" class=\"wp-block-post-excerpt\"><p class=\"wp-block-post-excerpt__excerpt\">Tam protezler, \u00fcst veya alt \u00e7enedeki t\u00fcm di\u015flerin yerini al\u0131r. Destek, fonksiyon ve esteti\u011fi geri getiren \u00f6zel olarak tak\u0131lan protezler \u00fcretiyoruz &#8211; ve hem de uygun fiyatlarla.<\/p><p class=\"wp-block-post-excerpt__more-text\"><a class=\"wp-block-post-excerpt__more-link\" href=\"https:\/\/www.zahnkostensparen.de\/tr\/protez\/tam-protezler\">Uzak<\/a><\/p><\/div>\n<\/li><li class=\"wp-block-post post-1339 page type-page status-publish has-post-thumbnail hentry\">\n<figure style=\"aspect-ratio:16\/9;\" class=\"wp-block-post-featured-image\"><a href=\"https:\/\/www.zahnkostensparen.de\/tr\/protez\/teleskopik-protezler\" target=\"_self\"  ><img loading=\"lazy\" decoding=\"async\" width=\"3600\" height=\"2522\" src=\"https:\/\/www.zahnkostensparen.de\/wp-content\/uploads\/sites\/2\/2025\/06\/audentic-behandlung.jpg\" class=\"attachment-post-thumbnail size-post-thumbnail wp-post-image\" alt=\"Teleskopik protezler\" style=\"border-radius:15px;width:100%;height:100%;object-fit:cover;\" srcset=\"https:\/\/www.zahnkostensparen.de\/wp-content\/uploads\/sites\/2\/2025\/06\/audentic-behandlung.jpg 3600w, https:\/\/www.zahnkostensparen.de\/wp-content\/uploads\/sites\/2\/2025\/06\/audentic-behandlung-300x210.jpg 300w, https:\/\/www.zahnkostensparen.de\/wp-content\/uploads\/sites\/2\/2025\/06\/audentic-behandlung-1024x717.jpg 1024w, https:\/\/www.zahnkostensparen.de\/wp-content\/uploads\/sites\/2\/2025\/06\/audentic-behandlung-768x538.jpg 768w, https:\/\/www.zahnkostensparen.de\/wp-content\/uploads\/sites\/2\/2025\/06\/audentic-behandlung-1536x1076.jpg 1536w, https:\/\/www.zahnkostensparen.de\/wp-content\/uploads\/sites\/2\/2025\/06\/audentic-behandlung-2048x1435.jpg 2048w\" sizes=\"auto, (max-width: 3600px) 100vw, 3600px\" \/><\/a><\/figure>\n\n<h2 class=\"wp-block-post-title\"><a href=\"https:\/\/www.zahnkostensparen.de\/tr\/protez\/teleskopik-protezler\" target=\"_self\" >Teleskopik protezler<\/a><\/h2>\n\n<div style=\"margin-top:var(--wp--preset--spacing--one);\" class=\"wp-block-post-excerpt\"><p class=\"wp-block-post-excerpt__excerpt\">Teleskopik protezler sabit ve hareketli protezleri bir araya getirir \u2013 fonksiyonel, estetik ve konforlu. Azalt\u0131lm\u0131\u015f art\u0131k di\u015fler i\u00e7in idealdir.<\/p><p class=\"wp-block-post-excerpt__more-text\"><a class=\"wp-block-post-excerpt__more-link\" href=\"https:\/\/www.zahnkostensparen.de\/tr\/protez\/teleskopik-protezler\">Uzak<\/a><\/p><\/div>\n<\/li><li class=\"wp-block-post post-1331 page type-page status-publish has-post-thumbnail hentry\">\n<figure style=\"aspect-ratio:16\/9;\" class=\"wp-block-post-featured-image\"><a href=\"https:\/\/www.zahnkostensparen.de\/tr\/protez\/atasman-protezler\" target=\"_self\"  ><img loading=\"lazy\" decoding=\"async\" width=\"3600\" height=\"2401\" src=\"https:\/\/www.zahnkostensparen.de\/wp-content\/uploads\/sites\/2\/2025\/06\/frau-laechelt.jpg\" class=\"attachment-post-thumbnail size-post-thumbnail wp-post-image\" alt=\"Ata\u015fman protezler\" style=\"border-radius:15px;width:100%;height:100%;object-fit:cover;\" srcset=\"https:\/\/www.zahnkostensparen.de\/wp-content\/uploads\/sites\/2\/2025\/06\/frau-laechelt.jpg 3600w, https:\/\/www.zahnkostensparen.de\/wp-content\/uploads\/sites\/2\/2025\/06\/frau-laechelt-300x200.jpg 300w, https:\/\/www.zahnkostensparen.de\/wp-content\/uploads\/sites\/2\/2025\/06\/frau-laechelt-1024x683.jpg 1024w, https:\/\/www.zahnkostensparen.de\/wp-content\/uploads\/sites\/2\/2025\/06\/frau-laechelt-768x512.jpg 768w, https:\/\/www.zahnkostensparen.de\/wp-content\/uploads\/sites\/2\/2025\/06\/frau-laechelt-1536x1024.jpg 1536w, https:\/\/www.zahnkostensparen.de\/wp-content\/uploads\/sites\/2\/2025\/06\/frau-laechelt-2048x1366.jpg 2048w\" sizes=\"auto, (max-width: 3600px) 100vw, 3600px\" \/><\/a><\/figure>\n\n<h2 class=\"wp-block-post-title\"><a href=\"https:\/\/www.zahnkostensparen.de\/tr\/protez\/atasman-protezler\" target=\"_self\" >Ata\u015fman protezler<\/a><\/h2>\n\n<div style=\"margin-top:var(--wp--preset--spacing--one);\" class=\"wp-block-post-excerpt\"><p class=\"wp-block-post-excerpt__excerpt\">Ba\u011flant\u0131l\u0131 protezler, g\u00f6r\u00fcn\u00fcr z\u0131mbalar olmadan optimum destek ve estetik sunar. K\u0131smi di\u015fler ve y\u00fcksek fonksiyon ve g\u00f6r\u00fcn\u00fcm talepleri i\u00e7in idealdir.<\/p><p class=\"wp-block-post-excerpt__more-text\"><a class=\"wp-block-post-excerpt__more-link\" href=\"https:\/\/www.zahnkostensparen.de\/tr\/protez\/atasman-protezler\">Uzak<\/a><\/p><\/div>\n<\/li><li class=\"wp-block-post post-1324 page type-page status-publish has-post-thumbnail hentry\">\n<figure style=\"aspect-ratio:16\/9;\" class=\"wp-block-post-featured-image\"><a href=\"https:\/\/www.zahnkostensparen.de\/tr\/protez\/suergue-protezleri\" target=\"_self\"  ><img loading=\"lazy\" decoding=\"async\" width=\"3600\" height=\"2448\" src=\"https:\/\/www.zahnkostensparen.de\/wp-content\/uploads\/sites\/2\/2025\/06\/audentic-arbeit-am-modell-scaled.jpg\" class=\"attachment-post-thumbnail size-post-thumbnail wp-post-image\" alt=\"S\u00fcrg\u00fc protezleri\" style=\"border-radius:15px;width:100%;height:100%;object-fit:cover;\" srcset=\"https:\/\/www.zahnkostensparen.de\/wp-content\/uploads\/sites\/2\/2025\/06\/audentic-arbeit-am-modell-scaled.jpg 3600w, https:\/\/www.zahnkostensparen.de\/wp-content\/uploads\/sites\/2\/2025\/06\/audentic-arbeit-am-modell-300x204.jpg 300w, https:\/\/www.zahnkostensparen.de\/wp-content\/uploads\/sites\/2\/2025\/06\/audentic-arbeit-am-modell-1024x696.jpg 1024w, https:\/\/www.zahnkostensparen.de\/wp-content\/uploads\/sites\/2\/2025\/06\/audentic-arbeit-am-modell-768x522.jpg 768w, https:\/\/www.zahnkostensparen.de\/wp-content\/uploads\/sites\/2\/2025\/06\/audentic-arbeit-am-modell-1536x1044.jpg 1536w, https:\/\/www.zahnkostensparen.de\/wp-content\/uploads\/sites\/2\/2025\/06\/audentic-arbeit-am-modell-2048x1392.jpg 2048w\" sizes=\"auto, (max-width: 3600px) 100vw, 3600px\" \/><\/a><\/figure>\n\n<h2 class=\"wp-block-post-title\"><a href=\"https:\/\/www.zahnkostensparen.de\/tr\/protez\/suergue-protezleri\" target=\"_self\" >S\u00fcrg\u00fc protezleri<\/a><\/h2>\n\n<div style=\"margin-top:var(--wp--preset--spacing--one);\" class=\"wp-block-post-excerpt\"><p class=\"wp-block-post-excerpt__excerpt\">S\u00fcrg\u00fc protezleri, \u00f6zel bir kapatma sistemi sayesinde g\u00fcvenli bir tutu\u015f sunar &#8211; az say\u0131da dayanak di\u015fi olan karma\u015f\u0131k di\u015f durumlar\u0131 i\u00e7in idealdir.<\/p><p class=\"wp-block-post-excerpt__more-text\"><a class=\"wp-block-post-excerpt__more-link\" href=\"https:\/\/www.zahnkostensparen.de\/tr\/protez\/suergue-protezleri\">Uzak<\/a><\/p><\/div>\n<\/li><li class=\"wp-block-post post-1319 page type-page status-publish has-post-thumbnail hentry\">\n<figure style=\"aspect-ratio:16\/9;\" class=\"wp-block-post-featured-image\"><a href=\"https:\/\/www.zahnkostensparen.de\/tr\/protez\/zimba-protezler\" target=\"_self\"  ><img loading=\"lazy\" decoding=\"async\" width=\"3600\" height=\"2457\" src=\"https:\/\/www.zahnkostensparen.de\/wp-content\/uploads\/sites\/2\/2025\/06\/arbeit-am-modell-scaled.jpg\" class=\"attachment-post-thumbnail size-post-thumbnail wp-post-image\" alt=\"Z\u0131mba protezler\" style=\"border-radius:15px;width:100%;height:100%;object-fit:cover;\" srcset=\"https:\/\/www.zahnkostensparen.de\/wp-content\/uploads\/sites\/2\/2025\/06\/arbeit-am-modell-scaled.jpg 3600w, https:\/\/www.zahnkostensparen.de\/wp-content\/uploads\/sites\/2\/2025\/06\/arbeit-am-modell-300x205.jpg 300w, https:\/\/www.zahnkostensparen.de\/wp-content\/uploads\/sites\/2\/2025\/06\/arbeit-am-modell-1024x699.jpg 1024w, https:\/\/www.zahnkostensparen.de\/wp-content\/uploads\/sites\/2\/2025\/06\/arbeit-am-modell-768x524.jpg 768w, https:\/\/www.zahnkostensparen.de\/wp-content\/uploads\/sites\/2\/2025\/06\/arbeit-am-modell-1536x1048.jpg 1536w, https:\/\/www.zahnkostensparen.de\/wp-content\/uploads\/sites\/2\/2025\/06\/arbeit-am-modell-2048x1398.jpg 2048w\" sizes=\"auto, (max-width: 3600px) 100vw, 3600px\" \/><\/a><\/figure>\n\n<h2 class=\"wp-block-post-title\"><a href=\"https:\/\/www.zahnkostensparen.de\/tr\/protez\/zimba-protezler\" target=\"_self\" >Z\u0131mba protezler<\/a><\/h2>\n\n<div style=\"margin-top:var(--wp--preset--spacing--one);\" class=\"wp-block-post-excerpt\"><p class=\"wp-block-post-excerpt__excerpt\">Z\u0131mba protezleri, g\u00f6r\u00fcn\u00fcr tutma klipslerine sahip, denenmi\u015f ve test edilmi\u015f, \u00e7\u0131kar\u0131labilir protezlerdir &#8211; sa\u011flam, i\u015flevsel ve uygun maliyetlidir.<\/p><p class=\"wp-block-post-excerpt__more-text\"><a class=\"wp-block-post-excerpt__more-link\" href=\"https:\/\/www.zahnkostensparen.de\/tr\/protez\/zimba-protezler\">Uzak<\/a><\/p><\/div>\n<\/li><li class=\"wp-block-post post-1304 page type-page status-publish has-post-thumbnail hentry\">\n<figure style=\"aspect-ratio:16\/9;\" class=\"wp-block-post-featured-image\"><a href=\"https:\/\/www.zahnkostensparen.de\/tr\/protez\/implant-uestue-kuron\" target=\"_self\"  ><img loading=\"lazy\" decoding=\"async\" width=\"3600\" height=\"2416\" src=\"https:\/\/www.zahnkostensparen.de\/wp-content\/uploads\/sites\/2\/2025\/06\/audentic-behandlung-zahnarzt-scaled.jpg\" class=\"attachment-post-thumbnail size-post-thumbnail wp-post-image\" alt=\"\u0130mplant \u00fcst\u00fc kuron\" style=\"border-radius:15px;width:100%;height:100%;object-fit:cover;\" srcset=\"https:\/\/www.zahnkostensparen.de\/wp-content\/uploads\/sites\/2\/2025\/06\/audentic-behandlung-zahnarzt-scaled.jpg 3600w, https:\/\/www.zahnkostensparen.de\/wp-content\/uploads\/sites\/2\/2025\/06\/audentic-behandlung-zahnarzt-300x201.jpg 300w, https:\/\/www.zahnkostensparen.de\/wp-content\/uploads\/sites\/2\/2025\/06\/audentic-behandlung-zahnarzt-1024x687.jpg 1024w, https:\/\/www.zahnkostensparen.de\/wp-content\/uploads\/sites\/2\/2025\/06\/audentic-behandlung-zahnarzt-768x516.jpg 768w, https:\/\/www.zahnkostensparen.de\/wp-content\/uploads\/sites\/2\/2025\/06\/audentic-behandlung-zahnarzt-1536x1031.jpg 1536w, https:\/\/www.zahnkostensparen.de\/wp-content\/uploads\/sites\/2\/2025\/06\/audentic-behandlung-zahnarzt-2048x1375.jpg 2048w\" sizes=\"auto, (max-width: 3600px) 100vw, 3600px\" \/><\/a><\/figure>\n\n<h2 class=\"wp-block-post-title\"><a href=\"https:\/\/www.zahnkostensparen.de\/tr\/protez\/implant-uestue-kuron\" target=\"_self\" >\u0130mplant \u00fcst\u00fc kuron<\/a><\/h2>\n\n<div style=\"margin-top:var(--wp--preset--spacing--one);\" class=\"wp-block-post-excerpt\"><p class=\"wp-block-post-excerpt__excerpt\">\u0130mplant \u00fcst\u00fc kuronlar, tek protezler i\u00e7in dayan\u0131kl\u0131, son derece estetik bir \u00e7\u00f6z\u00fcm sunar \u2013 g\u00fc\u00e7l\u00fc, i\u015flevsel ve ger\u00e7ek di\u015flerden neredeyse ay\u0131rt edilemez.<\/p><p class=\"wp-block-post-excerpt__more-text\"><a class=\"wp-block-post-excerpt__more-link\" href=\"https:\/\/www.zahnkostensparen.de\/tr\/protez\/implant-uestue-kuron\">Uzak<\/a><\/p><\/div>\n<\/li><\/ul>\n\n<\/div>\n","protected":false},"excerpt":{"rendered":"","protected":false},"author":1,"featured_media":0,"parent":0,"menu_order":2,"comment_status":"closed","ping_status":"closed","template":"","meta":{"_acf_changed":false,"footnotes":""},"class_list":["post-1355","page","type-page","status-publish","hentry"],"acf":[],"_links":{"self":[{"href":"https:\/\/www.zahnkostensparen.de\/tr\/wp-json\/wp\/v2\/pages\/1355","targetHints":{"allow":["GET"]}}],"collection":[{"href":"https:\/\/www.zahnkostensparen.de\/tr\/wp-json\/wp\/v2\/pages"}],"about":[{"href":"https:\/\/www.zahnkostensparen.de\/tr\/wp-json\/wp\/v2\/types\/page"}],"author":[{"embeddable":true,"href":"https:\/\/www.zahnkostensparen.de\/tr\/wp-json\/wp\/v2\/users\/1"}],"replies":[{"embeddable":true,"href":"https:\/\/www.zahnkostensparen.de\/tr\/wp-json\/wp\/v2\/comments?post=1355"}],"version-history":[{"count":4,"href":"https:\/\/www.zahnkostensparen.de\/tr\/wp-json\/wp\/v2\/pages\/1355\/revisions"}],"predecessor-version":[{"id":1474,"href":"https:\/\/www.zahnkostensparen.de\/tr\/wp-json\/wp\/v2\/pages\/1355\/revisions\/1474"}],"wp:attachment":[{"href":"https:\/\/www.zahnkostensparen.de\/tr\/wp-json\/wp\/v2\/media?parent=1355"}],"curies":[{"name":"wp","href":"https:\/\/api.w.org\/{rel}","templated":true}]}}