{"id":1345,"date":"2025-06-15T12:33:16","date_gmt":"2025-06-15T10:33:16","guid":{"rendered":"https:\/\/www.zahnkostensparen.de\/kakma"},"modified":"2025-10-07T16:29:01","modified_gmt":"2025-10-07T14:29:01","slug":"kakma","status":"publish","type":"page","link":"https:\/\/www.zahnkostensparen.de\/tr\/protez\/kakma","title":{"rendered":"Kakma"},"content":{"rendered":"\n<div class=\"wp-block-media-text alignfull is-image-fill-element\"><figure  class=\"wp-block-media-text__media\"><img loading=\"lazy\" decoding=\"async\" width=\"3500\" height=\"2094\" alt=\"\" src=\"https:\/\/www.zahnkostensparen.de\/wp-content\/uploads\/sites\/2\/2025\/06\/inlay.jpg\" style=\"object-position:50% 50%;\" class=\"wp-image-1042 size-full\" srcset=\"https:\/\/www.zahnkostensparen.de\/wp-content\/uploads\/sites\/2\/2025\/06\/inlay.jpg 3500w, https:\/\/www.zahnkostensparen.de\/wp-content\/uploads\/sites\/2\/2025\/06\/inlay-300x179.jpg 300w, https:\/\/www.zahnkostensparen.de\/wp-content\/uploads\/sites\/2\/2025\/06\/inlay-1024x613.jpg 1024w, https:\/\/www.zahnkostensparen.de\/wp-content\/uploads\/sites\/2\/2025\/06\/inlay-768x459.jpg 768w, https:\/\/www.zahnkostensparen.de\/wp-content\/uploads\/sites\/2\/2025\/06\/inlay-1536x919.jpg 1536w, https:\/\/www.zahnkostensparen.de\/wp-content\/uploads\/sites\/2\/2025\/06\/inlay-2048x1225.jpg 2048w\" sizes=\"auto, (max-width: 3500px) 100vw, 3500px\" \/><\/figure><div class=\"wp-block-media-text__content\"><div id=\"spar-bubble-block_3eab45be1dcc01b024807cf29d84d730\" class=\"spar-bubble\" >\n    <div class=\"spar-bubble-over\">tasarruf<\/div>\n    <div class=\"spar-bubble-value\">%80&#8217;e<\/div>\n    <div class=\"spar-bubble-under\">varan<\/div>\n<\/div>\n\n\n<p><strong>Kakmalar \u00e7ok mu pahal\u0131?<\/strong><\/p>\n\n\n\n<h1 class=\"wp-block-heading\">Ucuz kakmalar \u2013 <br\/>\u015eimdi ak\u0131ll\u0131ca tasarruf edin!<\/h1>\n\n\n\n<div class=\"wp-block-group only-mobile is-layout-flow wp-block-group-is-layout-flow\">\n<p class=\"is-style-zwischentitel_klein\">Size nas\u0131l yard\u0131mc\u0131 olabiliriz? \u015eunlar aras\u0131ndan se\u00e7im yap\u0131n: <\/p>\n\n\n\n<div class=\"wp-block-group funnelkacheln is-content-justification-left is-nowrap is-layout-flex wp-container-core-group-is-layout-f91642d5 wp-block-group-is-layout-flex\" style=\"padding-bottom:var(--wp--preset--spacing--one)\">\n<div class=\"wp-block-group open-funnel-ab is-layout-constrained wp-container-core-group-is-layout-81979fbc wp-block-group-is-layout-constrained\">\n<figure class=\"wp-block-image aligncenter size-full is-resized\"><img decoding=\"async\" src=\"https:\/\/www.zahnkostensparen.de\/wp-content\/uploads\/sites\/2\/2025\/06\/icon-sparen.svg\" alt=\"\" class=\"wp-image-465\" style=\"aspect-ratio:1;width:90px\"\/><\/figure>\n\n\n\n<p class=\"has-text-align-center\">Ne kadara mal oldu\u011funu bilmek istiyorum<\/p>\n<\/div>\n\n\n\n<div class=\"wp-block-group open-funnel-d is-layout-constrained wp-container-core-group-is-layout-81979fbc wp-block-group-is-layout-constrained\">\n<figure class=\"wp-block-image aligncenter size-full is-resized\"><img decoding=\"async\" src=\"https:\/\/www.zahnkostensparen.de\/wp-content\/uploads\/sites\/2\/2025\/06\/icon-zahnarzt.svg\" alt=\"\" class=\"wp-image-435\" style=\"aspect-ratio:1;width:90px\"\/><\/figure>\n\n\n\n<p class=\"has-text-align-center\">Yak\u0131nlarda bir di\u015f hekimi ar\u0131yorum<\/p>\n<\/div>\n\n\n\n<div class=\"wp-block-group open-funnel-c is-layout-constrained wp-container-core-group-is-layout-81979fbc wp-block-group-is-layout-constrained\">\n<figure class=\"wp-block-image aligncenter size-full is-resized\"><img decoding=\"async\" src=\"https:\/\/www.zahnkostensparen.de\/wp-content\/uploads\/sites\/2\/2025\/06\/icon-broschuere.svg\" alt=\"\" class=\"wp-image-433\" style=\"aspect-ratio:1;width:90px\"\/><\/figure>\n\n\n\n<p class=\"has-text-align-center\">\u00d6nce kendimi bilgilendirece\u011fim<\/p>\n<\/div>\n<\/div>\n<\/div>\n\n\n<div class=\"wp-block-post-excerpt\"><p class=\"wp-block-post-excerpt__excerpt\">\u0130nleyler, arka b\u00f6lgedeki b\u00fcy\u00fck di\u015f hasarlar\u0131 i\u00e7in dayan\u0131kl\u0131 ve y\u00fcksek kaliteli bir \u00e7\u00f6z\u00fcm sunar. Plastik, metal veya seramikten yap\u0131lm\u0131\u015f kakmalar \u00fcretiyoruz \u2013 \u00f6zel montajl\u0131, estetik ve uygun fiyatl\u0131. <\/p><\/div>\n\n\n<ul class=\"wp-block-list is-style-check_list_small top-argumente\">\n<li>En kaliteli protezler<\/li>\n\n\n\n<li>G\u00fcvenilir di\u015f hekiminiz taraf\u0131ndan tedavi<\/li>\n\n\n\n<li>4 y\u0131l garanti<\/li>\n\n\n\n<li>100.000&#8217;den fazla hasta tedavi edildi<\/li>\n<\/ul>\n\n\n\n<div class=\"wp-block-buttons is-layout-flex wp-block-buttons-is-layout-flex\">\n<div class=\"wp-block-button open-funnel-ab\"><a class=\"wp-block-button__link wp-element-button\">Hemen bir teklif al\u0131n<\/a><\/div>\n<\/div>\n\n\n\n<div class=\"wp-block-group has-dunkelblau-color has-text-color has-link-color wp-elements-21f20321430a70588c8be9e22eec95e7 is-nowrap is-layout-flex wp-container-core-group-is-layout-39f415c8 wp-block-group-is-layout-flex\" style=\"border-radius:11px;margin-top:var(--wp--preset--spacing--two);margin-bottom:0.5rem\">\n<p><strong>\u015euradan bilinen:<\/strong><\/p>\n\n\n\n<figure class=\"wp-block-image size-full is-resized\"><img decoding=\"async\" src=\"https:\/\/www.audentic-ag.de\/wp-content\/uploads\/2025\/10\/tv-logos-farbig.svg\" alt=\"\" class=\"wp-image-416\" style=\"width:200px\"\/><\/figure>\n<\/div>\n<\/div><\/div>\n\n<div class=\"wp-block-columns alignwide is-layout-flex wp-container-core-columns-is-layout-3f6ad93c wp-block-columns-is-layout-flex\" style=\"margin-bottom:var(--wp--preset--spacing--three)\">\n<div class=\"wp-block-column is-layout-flow wp-block-column-is-layout-flow\">\n<h2 class=\"wp-block-heading\">Kakma nedir?<\/h2>\n\n\n\n<p>\u0130nleyler, \u00f6nceden haz\u0131rlanm\u0131\u015f di\u015f y\u00fczeylerine hassas bir \u015fekilde yerle\u015ftirilen ve buralara kal\u0131c\u0131 olarak tak\u0131lan sabit inley dolgulard\u0131r. Konvansiyonel dolgulara g\u00f6re daha sa\u011flam ve dayan\u0131kl\u0131d\u0131rlar ve genellikle arka b\u00f6lgede kullan\u0131l\u0131rlar. <\/p>\n\n\n\n<h2 class=\"wp-block-heading\">Kakmalar\u0131n maliyeti nedir?<\/h2>\n\n\n\n<p>Kakmalar\u0131n maliyeti, di\u011fer \u015feylerin yan\u0131 s\u0131ra, kullan\u0131lan malzemeye ba\u011fl\u0131d\u0131r. Kakma \u00f6zel bir hizmettir ve yasal sa\u011fl\u0131k sigortas\u0131 masraflar\u0131 kar\u015f\u0131lamaz. Sa\u011fl\u0131k sigortas\u0131 \u015firketleri, yaln\u0131zca standart bak\u0131m olarak kabul edilen dolgulara dayal\u0131 bir s\u00fcbvansiyon verir.  <\/p>\n\n\n\n<h2 class=\"wp-block-heading\">Kakmalar nas\u0131l yap\u0131l\u0131r?<\/h2>\n\n\n\n<p>Di\u015f al\u0131nd\u0131ktan sonra, inleyler bir presleme \/ frezeleme i\u015fleminde veya bir d\u00f6k\u00fcm i\u015fleminde \u00fcretilebilir. \u00d6zellikle seramik dolgular do\u011fal di\u015flerden neredeyse ay\u0131rt edilemez. Di\u015f uzmanlar\u0131m\u0131z en y\u00fcksek uyumu ve m\u00fckemmel g\u00f6r\u00fcn\u00fcm\u00fc sa\u011flar.  <\/p>\n<\/div>\n\n\n\n<div class=\"wp-block-column is-layout-flow wp-block-column-is-layout-flow\">\n<h2 class=\"wp-block-heading\">Kakmalarla elde etti\u011finiz avantajlar<\/h2>\n\n\n\n<ul class=\"wp-block-list is-style-check_list_small\">\n<li>En geli\u015fmi\u015f CAD\/CAM teknolojisi sayesinde milimetre hassasiyetinde uyum<\/li>\n\n\n\n<li>Y\u00fcksek kaliteli malzemeler \u2013 \u00f6rne\u011fin seramik veya alt\u0131n, biyouyumlu ve dayan\u0131kl\u0131<\/li>\n\n\n\n<li>Do\u011fal estetik \u2013 dolgular ger\u00e7ek di\u015ften neredeyse ay\u0131rt edilemez<\/li>\n\n\n\n<li>Dayan\u0131kl\u0131 \u00e7\u00f6z\u00fcm \u2013 basit dolgulardan \u00e7ok daha stabil<\/li>\n\n\n\n<li>Maksimum i\u015flev ve m\u00fckemmel \u0131s\u0131rma i\u00e7in \u00f6zel olarak \u00fcretilmi\u015ftir<\/li>\n\n\n\n<li>4 y\u0131l garanti \u2013 yasalar\u0131n gerektirdi\u011finden iki kat daha uzun<\/li>\n\n\n\n<li>M\u00fclheim an der Ruhr&#8217;daki Alman di\u015f laboratuvar\u0131nda %100 test edilmi\u015ftir<\/li>\n\n\n\n<li>Memnuniyet garantisi \u2013 kakma uymuyorsa, \u00fccretsiz olarak yeniden \u00fcretece\u011fiz<\/li>\n<\/ul>\n\n\n\n<div class=\"wp-block-group has-hellblau-background-color has-background is-layout-constrained wp-container-core-group-is-layout-7bcb8110 wp-block-group-is-layout-constrained\" style=\"border-radius:20px;padding-top:1.5rem;padding-right:var(--wp--preset--spacing--two);padding-bottom:1.5rem;padding-left:var(--wp--preset--spacing--two)\">\n<h2 class=\"wp-block-heading\">Kakmalar i\u00e7in fiyat teklifi isteyin<\/h2>\n\n\n\n<p>Size \u00f6zel bir teklif sunmaktan mutluluk duyaca\u011f\u0131z &#8211; y\u00fcksek kaliteli, ki\u015fiye \u00f6zel, uygun fiyat.<\/p>\n\n\n\n<div class=\"wp-block-buttons is-layout-flex wp-block-buttons-is-layout-flex\">\n<div class=\"wp-block-button open-funnel-ab\"><a class=\"wp-block-button__link wp-element-button\">Hemen bir teklif al\u0131n<\/a><\/div>\n<\/div>\n<\/div>\n<\/div>\n<\/div>\n\n<div class=\"wp-block-group only-desktop is-layout-flow wp-block-group-is-layout-flow\">\n<p class=\"has-text-align-center is-style-zwischentitel_klein\" style=\"margin-top:4rem\">Kakma konusunda size nas\u0131l yard\u0131mc\u0131 olabiliriz? \u015eunlar aras\u0131ndan se\u00e7im yap\u0131n: <\/p>\n\n\n\n<div class=\"wp-block-group funnelkacheln is-content-justification-center is-nowrap is-layout-flex wp-container-core-group-is-layout-93cbe1bb wp-block-group-is-layout-flex\" style=\"padding-bottom:var(--wp--preset--spacing--one)\">\n<div class=\"wp-block-group open-funnel-ab is-layout-constrained wp-container-core-group-is-layout-81979fbc wp-block-group-is-layout-constrained\">\n<figure class=\"wp-block-image aligncenter size-full is-resized\"><img decoding=\"async\" src=\"https:\/\/www.zahnkostensparen.de\/wp-content\/uploads\/sites\/2\/2025\/06\/icon-sparen.svg\" alt=\"\" class=\"wp-image-465\" style=\"aspect-ratio:1;width:90px\"\/><\/figure>\n\n\n\n<p class=\"has-text-align-center\">Ne kadara mal oldu\u011funu bilmek istiyorum<\/p>\n<\/div>\n\n\n\n<div class=\"wp-block-group open-funnel-d is-layout-constrained wp-container-core-group-is-layout-81979fbc wp-block-group-is-layout-constrained\">\n<figure class=\"wp-block-image aligncenter size-full is-resized\"><img decoding=\"async\" src=\"https:\/\/www.zahnkostensparen.de\/wp-content\/uploads\/sites\/2\/2025\/06\/icon-zahnarzt.svg\" alt=\"\" class=\"wp-image-435\" style=\"aspect-ratio:1;width:90px\"\/><\/figure>\n\n\n\n<p class=\"has-text-align-center\">Yak\u0131nlarda bir di\u015f hekimi ar\u0131yorum<\/p>\n<\/div>\n\n\n\n<div class=\"wp-block-group open-funnel-c is-layout-constrained wp-container-core-group-is-layout-81979fbc wp-block-group-is-layout-constrained\">\n<figure class=\"wp-block-image aligncenter size-full is-resized\"><img decoding=\"async\" src=\"https:\/\/www.zahnkostensparen.de\/wp-content\/uploads\/sites\/2\/2025\/06\/icon-broschuere.svg\" alt=\"\" class=\"wp-image-433\" style=\"aspect-ratio:1;width:90px\"\/><\/figure>\n\n\n\n<p class=\"has-text-align-center\">\u00d6nce kendimi bilgilendirece\u011fim<\/p>\n<\/div>\n<\/div>\n<\/div>\n\n<div class=\"wp-block-columns alignwide is-layout-flex wp-container-core-columns-is-layout-2c2a1393 wp-block-columns-is-layout-flex\" style=\"margin-top:var(--wp--preset--spacing--four);margin-bottom:var(--wp--preset--spacing--four)\">\n<div class=\"wp-block-column is-layout-flow wp-block-column-is-layout-flow\">\n<h2 class=\"wp-block-heading\">S\u0131k\u00e7a Sorulan Sorular<\/h2>\n\n\n<div id=\"akkordeon-block_648d50d76653d231e61d8f53f49ceeaa\" class=\"akkordeon\">\n  \n\n<h2 class=\"wp-block-heading\">Kakmalar\u0131n \u00f6mr\u00fc ne kadard\u0131r?<\/h2>\n\n\n\n<p>Malzemeye ve bak\u0131ma ba\u011fl\u0131 olarak, kakmalar 10 ila 20 y\u0131l aras\u0131nda dayan\u0131r.<\/p>\n\n<\/div>\n\n<div id=\"akkordeon-block_648d50d76653d231e61d8f53f49ceeaa\" class=\"akkordeon\">\n  \n\n<h2 class=\"wp-block-heading\">Kakmalar\u0131n dolgulardan fark\u0131 nedir?<\/h2>\n\n\n\n<p>Kakmalar daha stabil, daha dayan\u0131kl\u0131d\u0131r ve \u00f6zellikle b\u00fcy\u00fck hasar durumunda daha iyi estetik sunar.<\/p>\n\n<\/div>\n\n<div id=\"akkordeon-block_648d50d76653d231e61d8f53f49ceeaa\" class=\"akkordeon\">\n  \n\n<h2 class=\"wp-block-heading\">Bunun i\u00e7in yurt d\u0131\u015f\u0131na seyahat etmem gerekiyor mu?<\/h2>\n\n\n\n<p>Hay\u0131r \u2013 t\u00fcm organizasyon bizim arac\u0131l\u0131\u011f\u0131m\u0131zla \u00e7al\u0131\u015f\u0131yor. Tesiste di\u015f hekiminizle birlikte kal\u0131rs\u0131n\u0131z. <\/p>\n\n<\/div>\n\n<div id=\"akkordeon-block_648d50d76653d231e61d8f53f49ceeaa\" class=\"akkordeon\">\n  \n\n<h2 class=\"wp-block-heading\">Kakma Almanya&#8217;da test edilecek mi?<\/h2>\n\n\n\n<p>Evet, her di\u015f protezi M\u00fclheim an der Ruhr&#8217;daki Alman di\u015f teknisyenleri taraf\u0131ndan kontrol edilir.<\/p>\n\n<\/div><\/div>\n\n\n\n<div class=\"wp-block-column is-layout-flow wp-block-column-is-layout-flow\">\n<figure class=\"wp-block-image size-large is-style-runde_ecken\"><img loading=\"lazy\" decoding=\"async\" width=\"1024\" height=\"700\" src=\"https:\/\/www.zahnkostensparen.de\/wp-content\/uploads\/sites\/2\/2025\/06\/laecheln-beim-zahnarzt-1024x700.jpg\" alt=\"\" class=\"wp-image-250\" srcset=\"https:\/\/www.zahnkostensparen.de\/wp-content\/uploads\/sites\/2\/2025\/06\/laecheln-beim-zahnarzt-1024x700.jpg 1024w, https:\/\/www.zahnkostensparen.de\/wp-content\/uploads\/sites\/2\/2025\/06\/laecheln-beim-zahnarzt-300x205.jpg 300w, https:\/\/www.zahnkostensparen.de\/wp-content\/uploads\/sites\/2\/2025\/06\/laecheln-beim-zahnarzt-768x525.jpg 768w, https:\/\/www.zahnkostensparen.de\/wp-content\/uploads\/sites\/2\/2025\/06\/laecheln-beim-zahnarzt-1536x1050.jpg 1536w, https:\/\/www.zahnkostensparen.de\/wp-content\/uploads\/sites\/2\/2025\/06\/laecheln-beim-zahnarzt-2048x1400.jpg 2048w\" sizes=\"auto, (max-width: 1024px) 100vw, 1024px\" \/><\/figure>\n<\/div>\n<\/div>\n","protected":false},"excerpt":{"rendered":"<p>\u0130nleyler, arka b\u00f6lgedeki b\u00fcy\u00fck di\u015f hasarlar\u0131 i\u00e7in dayan\u0131kl\u0131 ve y\u00fcksek kaliteli bir \u00e7\u00f6z\u00fcm sunar. Plastik, metal veya seramikten yap\u0131lm\u0131\u015f kakmalar \u00fcretiyoruz \u2013 \u00f6zel montajl\u0131, estetik ve uygun fiyatl\u0131. <\/p>\n","protected":false},"author":1,"featured_media":1042,"parent":1355,"menu_order":2,"comment_status":"closed","ping_status":"closed","template":"wp-custom-template-zahnersatz-einzelseite","meta":{"_acf_changed":false,"footnotes":""},"class_list":["post-1345","page","type-page","status-publish","has-post-thumbnail","hentry"],"acf":[],"_links":{"self":[{"href":"https:\/\/www.zahnkostensparen.de\/tr\/wp-json\/wp\/v2\/pages\/1345","targetHints":{"allow":["GET"]}}],"collection":[{"href":"https:\/\/www.zahnkostensparen.de\/tr\/wp-json\/wp\/v2\/pages"}],"about":[{"href":"https:\/\/www.zahnkostensparen.de\/tr\/wp-json\/wp\/v2\/types\/page"}],"author":[{"embeddable":true,"href":"https:\/\/www.zahnkostensparen.de\/tr\/wp-json\/wp\/v2\/users\/1"}],"replies":[{"embeddable":true,"href":"https:\/\/www.zahnkostensparen.de\/tr\/wp-json\/wp\/v2\/comments?post=1345"}],"version-history":[{"count":2,"href":"https:\/\/www.zahnkostensparen.de\/tr\/wp-json\/wp\/v2\/pages\/1345\/revisions"}],"predecessor-version":[{"id":1803,"href":"https:\/\/www.zahnkostensparen.de\/tr\/wp-json\/wp\/v2\/pages\/1345\/revisions\/1803"}],"up":[{"embeddable":true,"href":"https:\/\/www.zahnkostensparen.de\/tr\/wp-json\/wp\/v2\/pages\/1355"}],"wp:featuredmedia":[{"embeddable":true,"href":"https:\/\/www.zahnkostensparen.de\/tr\/wp-json\/wp\/v2\/media\/1042"}],"wp:attachment":[{"href":"https:\/\/www.zahnkostensparen.de\/tr\/wp-json\/wp\/v2\/media?parent=1345"}],"curies":[{"name":"wp","href":"https:\/\/api.w.org\/{rel}","templated":true}]}}