{"id":1315,"date":"2025-06-24T09:14:13","date_gmt":"2025-06-24T07:14:13","guid":{"rendered":"https:\/\/www.zahnkostensparen.de\/dis-splintleri\/horlama-ateli"},"modified":"2026-03-09T16:44:55","modified_gmt":"2026-03-09T15:44:55","slug":"horlama-ateli","status":"publish","type":"page","link":"https:\/\/www.zahnkostensparen.de\/tr\/dis-splintleri\/horlama-ateli","title":{"rendered":"Horlama ateli"},"content":{"rendered":"\n<div class=\"wp-block-media-text alignfull is-image-fill-element\"><figure  class=\"wp-block-media-text__media\"><img loading=\"lazy\" decoding=\"async\" width=\"3600\" height=\"2201\" alt=\"\" src=\"https:\/\/www.zahnkostensparen.de\/wp-content\/uploads\/sites\/2\/2025\/06\/knirschschiene.jpg\" style=\"object-position:50% 50%;\" class=\"wp-image-1066 size-full\" srcset=\"https:\/\/www.zahnkostensparen.de\/wp-content\/uploads\/sites\/2\/2025\/06\/knirschschiene.jpg 3600w, https:\/\/www.zahnkostensparen.de\/wp-content\/uploads\/sites\/2\/2025\/06\/knirschschiene-300x183.jpg 300w, https:\/\/www.zahnkostensparen.de\/wp-content\/uploads\/sites\/2\/2025\/06\/knirschschiene-1024x626.jpg 1024w, https:\/\/www.zahnkostensparen.de\/wp-content\/uploads\/sites\/2\/2025\/06\/knirschschiene-768x470.jpg 768w, https:\/\/www.zahnkostensparen.de\/wp-content\/uploads\/sites\/2\/2025\/06\/knirschschiene-1536x939.jpg 1536w, https:\/\/www.zahnkostensparen.de\/wp-content\/uploads\/sites\/2\/2025\/06\/knirschschiene-2048x1252.jpg 2048w\" sizes=\"auto, (max-width: 3600px) 100vw, 3600px\" \/><\/figure><div class=\"wp-block-media-text__content\"><div id=\"spar-bubble-block_1aada079f88eba8ab12bc544f873cd23\" class=\"spar-bubble\" >\n    <div class=\"spar-bubble-over\">tasarruf<\/div>\n    <div class=\"spar-bubble-value\">%80&#8217;e<\/div>\n    <div class=\"spar-bubble-under\">varan<\/div>\n<\/div>\n\n\n<p><strong>Horlama ateli \u00e7ok mu pahal\u0131?<\/strong><\/p>\n\n\n\n<h1 class=\"wp-block-heading\">Ucuz horlama ateli &#8211; \u015fimdi ak\u0131ll\u0131ca tasarruf edin!<\/h1>\n\n\n\n<div class=\"wp-block-group only-mobile is-layout-flow wp-block-group-is-layout-flow\">\n<p class=\"is-style-zwischentitel_klein\">Size nas\u0131l yard\u0131mc\u0131 olabiliriz? \u015eunlar aras\u0131ndan se\u00e7im yap\u0131n:<\/p>\n\n\n\n<div class=\"wp-block-group funnelkacheln is-content-justification-left is-nowrap is-layout-flex wp-container-core-group-is-layout-f91642d5 wp-block-group-is-layout-flex\" style=\"padding-bottom:var(--wp--preset--spacing--one)\">\n<div class=\"wp-block-group open-funnel-ab is-layout-constrained wp-container-core-group-is-layout-81979fbc wp-block-group-is-layout-constrained\">\n<figure class=\"wp-block-image aligncenter size-full is-resized\"><img decoding=\"async\" src=\"https:\/\/www.zahnkostensparen.de\/wp-content\/uploads\/sites\/2\/2025\/06\/icon-sparen.svg\" alt=\"\" class=\"wp-image-465\" style=\"aspect-ratio:1;width:90px\"\/><\/figure>\n\n\n\n<p class=\"has-text-align-center\">Ne kadara mal oldu\u011funu bilmek istiyorum<\/p>\n<\/div>\n\n\n\n<div class=\"wp-block-group open-funnel-d is-layout-constrained wp-container-core-group-is-layout-81979fbc wp-block-group-is-layout-constrained\">\n<figure class=\"wp-block-image aligncenter size-full is-resized\"><img decoding=\"async\" src=\"https:\/\/www.zahnkostensparen.de\/wp-content\/uploads\/sites\/2\/2025\/06\/icon-zahnarzt.svg\" alt=\"\" class=\"wp-image-435\" style=\"aspect-ratio:1;width:90px\"\/><\/figure>\n\n\n\n<p class=\"has-text-align-center\">Yak\u0131nlarda bir di\u015f hekimi ar\u0131yorum<\/p>\n<\/div>\n\n\n\n<div class=\"wp-block-group open-funnel-c is-layout-constrained wp-container-core-group-is-layout-81979fbc wp-block-group-is-layout-constrained\">\n<figure class=\"wp-block-image aligncenter size-full is-resized\"><img decoding=\"async\" src=\"https:\/\/www.zahnkostensparen.de\/wp-content\/uploads\/sites\/2\/2025\/06\/icon-broschuere.svg\" alt=\"\" class=\"wp-image-433\" style=\"aspect-ratio:1;width:90px\"\/><\/figure>\n\n\n\n<p class=\"has-text-align-center\">\u00d6nce kendimi bilgilendirece\u011fim<\/p>\n<\/div>\n<\/div>\n<\/div>\n\n\n<div class=\"wp-block-post-excerpt\"><p class=\"wp-block-post-excerpt__excerpt\">Horlama sadece partneri rahats\u0131z etmekle kalmaz, ayn\u0131 zamanda sa\u011fl\u0131\u011f\u0131 da tehlikeye atabilir. Ki\u015fiye \u00f6zel olarak \u00fcretilmi\u015f bir horlama ateli ile tekrar huzur i\u00e7inde uyuyabilir ve daha tazelenmi\u015f bir \u015fekilde uyanabilirsiniz. <\/p><\/div>\n\n\n<ul class=\"wp-block-list is-style-check_list_small top-argumente\">\n<li>En kaliteli protezler<\/li>\n\n\n\n<li>G\u00fcvenilir di\u015f hekiminiz taraf\u0131ndan tedavi<\/li>\n\n\n\n<li>4 y\u0131l garanti<\/li>\n\n\n\n<li>100.000&#8217;den fazla hasta tedavi edildi<\/li>\n<\/ul>\n\n\n\n<div class=\"wp-block-buttons is-layout-flex wp-block-buttons-is-layout-flex\">\n<div class=\"wp-block-button open-funnel-ab\"><a class=\"wp-block-button__link wp-element-button\">Hemen bir teklif al\u0131n<\/a><\/div>\n<\/div>\n\n\n\n<div class=\"wp-block-group has-dunkelblau-color has-text-color has-link-color wp-elements-21f20321430a70588c8be9e22eec95e7 is-nowrap is-layout-flex wp-container-core-group-is-layout-39f415c8 wp-block-group-is-layout-flex\" style=\"border-radius:11px;margin-top:var(--wp--preset--spacing--two);margin-bottom:0.5rem\">\n<p><strong>\u015euradan bilinen:<\/strong><\/p>\n\n\n\n<figure class=\"wp-block-image size-full is-resized\"><img decoding=\"async\" src=\"https:\/\/www.audentic-ag.de\/wp-content\/uploads\/2025\/10\/tv-logos-farbig.svg\" alt=\"\" class=\"wp-image-416\" style=\"width:200px\"\/><\/figure>\n<\/div>\n<\/div><\/div>\n\n<div class=\"wp-block-columns alignwide is-layout-flex wp-container-core-columns-is-layout-3f6ad93c wp-block-columns-is-layout-flex\" style=\"margin-bottom:var(--wp--preset--spacing--three)\">\n<div class=\"wp-block-column is-layout-flow wp-block-column-is-layout-flow\">\n<h2 class=\"wp-block-heading\">Horlama ateli nedir?<\/h2>\n\n\n\n<p>Mandibular \u00e7\u0131k\u0131nt\u0131 splintleri olarak da bilinen horlama splintleri, uyku s\u0131ras\u0131nda alt \u00e7enenin ve dilin geriye d\u00fc\u015fmesini engeller. Bu, soludu\u011funuz havay\u0131 serbest tutar &#8211; horlama ve solunum kesintileri azal\u0131r veya tamamen \u00f6nlenir.<\/p>\n\n\n\n<h2 class=\"wp-block-heading\">Horlama atelinin maliyeti nedir?<\/h2>\n\n\n\n<p>Horlama atelinin maliyeti, atelinin tipine ve sa\u011fl\u0131k sigortas\u0131 \u015firketine ba\u011fl\u0131d\u0131r. Baz\u0131 sigorta \u015firketleri masraflar\u0131 tamamen veya k\u0131smen kar\u015f\u0131lar. Bizimle uygun bir fiyata kaliteli splintler elde edersiniz.<\/p>\n\n\n\n<h2 class=\"wp-block-heading\">Horlama ateli nas\u0131l yap\u0131l\u0131r?<\/h2>\n\n\n\n<p>Di\u015flerinizin hassas bir \u015fekilde \u00f6l\u00e7\u00fclmesinden sonra, di\u015f teknisyenlerimiz rahat\u00e7a oturan ve etkili bir \u015fekilde \u00e7al\u0131\u015fan bireysel bir atel \u00fcretir. Hafiftir, g\u00f6ze \u00e7arpmaz ve h\u0131zl\u0131 bir \u015fekilde kullan\u0131ma haz\u0131rd\u0131r \u2013 ilk gece g\u00f6zle g\u00f6r\u00fcl\u00fcr bir rahatlama i\u00e7in.<\/p>\n<\/div>\n\n\n\n<div class=\"wp-block-column is-layout-flow wp-block-column-is-layout-flow\">\n<h2 class=\"wp-block-heading\">Horlama ateli ile avantajlar\u0131n\u0131z<\/h2>\n\n\n\n<ul class=\"wp-block-list is-style-check_list_small\">\n<li>Hafif ila orta derecede horlama<\/li>\n\n\n\n<li>Solunum kesintileri (hafif uyku apnesi)<\/li>\n\n\n\n<li>G\u00fcnd\u00fcz uykululuk, konsantrasyon sorunlar\u0131, halsizlik<\/li>\n\n\n\n<li>Horlaman\u0131n neden oldu\u011fu ili\u015fki sorunlar\u0131<\/li>\n<\/ul>\n\n\n\n<div class=\"wp-block-group has-hellblau-background-color has-background is-layout-constrained wp-container-core-group-is-layout-7bcb8110 wp-block-group-is-layout-constrained\" style=\"border-radius:20px;padding-top:1.5rem;padding-right:var(--wp--preset--spacing--two);padding-bottom:1.5rem;padding-left:var(--wp--preset--spacing--two)\">\n<h2 class=\"wp-block-heading\">Horlama ateli i\u00e7in fiyat teklifi isteyin<\/h2>\n\n\n\n<p>Size bireysel olarak tavsiyelerde bulunaca\u011f\u0131z &#8211; ve yatak odan\u0131zdaki yeni huzur ve sessizli\u011finiz i\u00e7in size \u00f6zel bir teklif g\u00f6nderece\u011fiz.<\/p>\n\n\n\n<div class=\"wp-block-buttons is-layout-flex wp-block-buttons-is-layout-flex\">\n<div class=\"wp-block-button open-funnel-ab\"><a class=\"wp-block-button__link wp-element-button\">Hemen bir teklif al\u0131n<\/a><\/div>\n<\/div>\n<\/div>\n<\/div>\n<\/div>\n\n<div class=\"wp-block-group only-desktop is-layout-flow wp-block-group-is-layout-flow\">\n<p class=\"has-text-align-center is-style-zwischentitel_klein\" style=\"margin-top:4rem\">Horlama splintleri konusunda size nas\u0131l yard\u0131mc\u0131 olabiliriz? \u015eunlar aras\u0131ndan se\u00e7im yap\u0131n:<\/p>\n\n\n\n<div class=\"wp-block-group funnelkacheln is-content-justification-center is-nowrap is-layout-flex wp-container-core-group-is-layout-93cbe1bb wp-block-group-is-layout-flex\" style=\"padding-bottom:var(--wp--preset--spacing--one)\">\n<div class=\"wp-block-group open-funnel-ab is-layout-constrained wp-container-core-group-is-layout-81979fbc wp-block-group-is-layout-constrained\">\n<figure class=\"wp-block-image aligncenter size-full is-resized\"><img decoding=\"async\" src=\"https:\/\/www.zahnkostensparen.de\/wp-content\/uploads\/sites\/2\/2025\/06\/icon-sparen.svg\" alt=\"\" class=\"wp-image-465\" style=\"aspect-ratio:1;width:90px\"\/><\/figure>\n\n\n\n<p class=\"has-text-align-center\">Ne kadara mal oldu\u011funu bilmek istiyorum<\/p>\n<\/div>\n\n\n\n<div class=\"wp-block-group open-funnel-d is-layout-constrained wp-container-core-group-is-layout-81979fbc wp-block-group-is-layout-constrained\">\n<figure class=\"wp-block-image aligncenter size-full is-resized\"><img decoding=\"async\" src=\"https:\/\/www.zahnkostensparen.de\/wp-content\/uploads\/sites\/2\/2025\/06\/icon-zahnarzt.svg\" alt=\"\" class=\"wp-image-435\" style=\"aspect-ratio:1;width:90px\"\/><\/figure>\n\n\n\n<p class=\"has-text-align-center\">Yak\u0131nlarda bir di\u015f hekimi ar\u0131yorum<\/p>\n<\/div>\n\n\n\n<div class=\"wp-block-group open-funnel-c is-layout-constrained wp-container-core-group-is-layout-81979fbc wp-block-group-is-layout-constrained\">\n<figure class=\"wp-block-image aligncenter size-full is-resized\"><img decoding=\"async\" src=\"https:\/\/www.zahnkostensparen.de\/wp-content\/uploads\/sites\/2\/2025\/06\/icon-broschuere.svg\" alt=\"\" class=\"wp-image-433\" style=\"aspect-ratio:1;width:90px\"\/><\/figure>\n\n\n\n<p class=\"has-text-align-center\">\u00d6nce kendimi bilgilendirece\u011fim<\/p>\n<\/div>\n<\/div>\n<\/div>\n\n<div class=\"wp-block-columns alignwide is-layout-flex wp-container-core-columns-is-layout-2c2a1393 wp-block-columns-is-layout-flex\" style=\"margin-top:var(--wp--preset--spacing--four);margin-bottom:var(--wp--preset--spacing--four)\">\n<div class=\"wp-block-column is-layout-flow wp-block-column-is-layout-flow\">\n<h2 class=\"wp-block-heading\">S\u0131k\u00e7a Sorulan Sorular<\/h2>\n\n\n<div id=\"akkordeon-block_807cec0ea596637bd6c4b7c36e3a2f2e\" class=\"akkordeon\">\n  \n\n<h2 class=\"wp-block-heading\">Horlama ateli ne kadar s\u00fcrer?<\/h2>\n\n\n\n<p>Genellikle birka\u00e7 y\u0131l \u2013 iyi bak\u0131m ve g\u00fcnl\u00fck temizlik ile daha da uzun.<\/p>\n\n<\/div>\n\n<div id=\"akkordeon-block_807cec0ea596637bd6c4b7c36e3a2f2e\" class=\"akkordeon\">\n  \n\n<h2 class=\"wp-block-heading\">Giymek rahats\u0131z edici mi?<\/h2>\n\n\n\n<p>Hay\u0131r. Atel \u00e7ok incedir, ki\u015fiye \u00f6zeldir ve birka\u00e7 g\u00fcn i\u00e7inde al\u0131\u015f\u0131r. Bir\u00e7o\u011fu bunu pek hissetmiyor.<\/p>\n\n<\/div>\n\n<div id=\"akkordeon-block_807cec0ea596637bd6c4b7c36e3a2f2e\" class=\"akkordeon\">\n  \n\n<h2 class=\"wp-block-heading\">Geceleri farkl\u0131 uyumak zorunda m\u0131y\u0131m?<\/h2>\n\n\n\n<p>Hay\u0131r. Her zamanki gibi uyuyabilirsiniz \u2013 s\u0131rt\u0131n\u0131zda, yan\u0131n\u0131zda veya karn\u0131n\u0131zda.<\/p>\n\n<\/div>\n\n<div id=\"akkordeon-block_807cec0ea596637bd6c4b7c36e3a2f2e\" class=\"akkordeon\">\n  \n\n<h2 class=\"wp-block-heading\">Herhangi bir yan etkisi var m\u0131?<\/h2>\n\n\n\n<p>Ba\u015flang\u0131\u00e7ta, \u00e7enede h\u0131zl\u0131 bir \u015fekilde azalan hafif bir \u00e7ekme hissi olabilir. Atellerimiz tamamen g\u00fcvenlidir ve t\u0131bbi olarak onaylanm\u0131\u015ft\u0131r.<\/p>\n\n<\/div><\/div>\n\n\n\n<div class=\"wp-block-column is-layout-flow wp-block-column-is-layout-flow\">\n<figure class=\"wp-block-image size-large is-style-runde_ecken\"><img loading=\"lazy\" decoding=\"async\" width=\"1024\" height=\"700\" src=\"https:\/\/www.zahnkostensparen.de\/wp-content\/uploads\/sites\/2\/2025\/06\/laecheln-beim-zahnarzt-1024x700.jpg\" alt=\"\" class=\"wp-image-250\" srcset=\"https:\/\/www.zahnkostensparen.de\/wp-content\/uploads\/sites\/2\/2025\/06\/laecheln-beim-zahnarzt-1024x700.jpg 1024w, https:\/\/www.zahnkostensparen.de\/wp-content\/uploads\/sites\/2\/2025\/06\/laecheln-beim-zahnarzt-300x205.jpg 300w, https:\/\/www.zahnkostensparen.de\/wp-content\/uploads\/sites\/2\/2025\/06\/laecheln-beim-zahnarzt-768x525.jpg 768w, https:\/\/www.zahnkostensparen.de\/wp-content\/uploads\/sites\/2\/2025\/06\/laecheln-beim-zahnarzt-1536x1050.jpg 1536w, https:\/\/www.zahnkostensparen.de\/wp-content\/uploads\/sites\/2\/2025\/06\/laecheln-beim-zahnarzt-2048x1400.jpg 2048w\" sizes=\"auto, (max-width: 1024px) 100vw, 1024px\" \/><\/figure>\n<\/div>\n<\/div>\n\n<div class=\"wp-block-group zahnarzt-in-der-naehe-kasten has-hellblau-background-color has-background is-layout-flow wp-block-group-is-layout-flow\" style=\"border-radius:20px;padding-top:1.5rem;padding-right:var(--wp--preset--spacing--two);padding-bottom:1.5rem;padding-left:var(--wp--preset--spacing--two)\">\n<div class=\"wp-block-group is-horizontal is-content-justification-left is-nowrap is-layout-flex wp-container-core-group-is-layout-1a6cc929 wp-block-group-is-layout-flex\">\n<figure class=\"wp-block-image aligncenter size-full is-resized\" style=\"margin-bottom:10px\"><img decoding=\"async\" src=\"https:\/\/www.zahnkostensparen.de\/wp-content\/uploads\/sites\/2\/2025\/07\/icon-germany.svg\" alt=\"\" class=\"wp-image-865\" style=\"aspect-ratio:1;object-fit:cover;width:115px\"\/><\/figure>\n\n\n\n<div class=\"wp-block-group is-layout-constrained wp-block-group-is-layout-constrained\">\n<p class=\"has-text-align-left is-style-zwischentitel\">%100 Almanya&#8217;da \u00fcretilmi\u015ftir<\/p>\n\n\n\n<p class=\"has-text-align-left\" style=\"margin-top:0.5rem\">Horlama splintleri, en iyi uyum, y\u00fcksek etkinlik ve test edilmi\u015f kalite i\u00e7in kendi Alman laboratuvar\u0131m\u0131zda \u00fcretilmektedir. Dinlendirici bir uyku i\u00e7in Alman hassasiyetine g\u00fcvenin.<\/p>\n<\/div>\n<\/div>\n<\/div>\n","protected":false},"excerpt":{"rendered":"<p>Horlama sadece partneri rahats\u0131z etmekle kalmaz, ayn\u0131 zamanda sa\u011fl\u0131\u011f\u0131 da tehlikeye atabilir. Ki\u015fiye \u00f6zel olarak \u00fcretilmi\u015f bir horlama ateli ile tekrar huzur i\u00e7inde uyuyabilir ve daha tazelenmi\u015f bir \u015fekilde uyanabilirsiniz.<\/p>\n","protected":false},"author":1,"featured_media":1066,"parent":1271,"menu_order":2,"comment_status":"closed","ping_status":"closed","template":"wp-custom-template-zahnersatz-einzelseite","meta":{"_acf_changed":false,"footnotes":""},"class_list":["post-1315","page","type-page","status-publish","has-post-thumbnail","hentry"],"acf":[],"_links":{"self":[{"href":"https:\/\/www.zahnkostensparen.de\/tr\/wp-json\/wp\/v2\/pages\/1315","targetHints":{"allow":["GET"]}}],"collection":[{"href":"https:\/\/www.zahnkostensparen.de\/tr\/wp-json\/wp\/v2\/pages"}],"about":[{"href":"https:\/\/www.zahnkostensparen.de\/tr\/wp-json\/wp\/v2\/types\/page"}],"author":[{"embeddable":true,"href":"https:\/\/www.zahnkostensparen.de\/tr\/wp-json\/wp\/v2\/users\/1"}],"replies":[{"embeddable":true,"href":"https:\/\/www.zahnkostensparen.de\/tr\/wp-json\/wp\/v2\/comments?post=1315"}],"version-history":[{"count":4,"href":"https:\/\/www.zahnkostensparen.de\/tr\/wp-json\/wp\/v2\/pages\/1315\/revisions"}],"predecessor-version":[{"id":1828,"href":"https:\/\/www.zahnkostensparen.de\/tr\/wp-json\/wp\/v2\/pages\/1315\/revisions\/1828"}],"up":[{"embeddable":true,"href":"https:\/\/www.zahnkostensparen.de\/tr\/wp-json\/wp\/v2\/pages\/1271"}],"wp:featuredmedia":[{"embeddable":true,"href":"https:\/\/www.zahnkostensparen.de\/tr\/wp-json\/wp\/v2\/media\/1066"}],"wp:attachment":[{"href":"https:\/\/www.zahnkostensparen.de\/tr\/wp-json\/wp\/v2\/media?parent=1315"}],"curies":[{"name":"wp","href":"https:\/\/api.w.org\/{rel}","templated":true}]}}