{"id":1311,"date":"2025-07-01T11:49:50","date_gmt":"2025-07-01T09:49:50","guid":{"rendered":"https:\/\/www.zahnkostensparen.de\/hizmet\/memnuniyet"},"modified":"2025-08-27T18:31:14","modified_gmt":"2025-08-27T16:31:14","slug":"memnuniyet","status":"publish","type":"page","link":"https:\/\/www.zahnkostensparen.de\/tr\/hizmet\/memnuniyet","title":{"rendered":"Memnuniyet"},"content":{"rendered":"\n<div class=\"wp-block-cover alignfull is-light\" style=\"padding-top:var(--wp--preset--spacing--three);padding-bottom:var(--wp--preset--spacing--three);min-height:142px;aspect-ratio:unset;\"><span aria-hidden=\"true\" class=\"wp-block-cover__background has-hellblau-background-color has-background-dim-100 has-background-dim\"><\/span><div class=\"wp-block-cover__inner-container is-layout-constrained wp-block-cover-is-layout-constrained\">\n<h1 class=\"wp-block-heading has-text-align-center has-blau-color has-text-color has-link-color wp-elements-7798159eed1cd3bd6cf4e043286e7086\">Memnuniyet<\/h1>\n\n\n\n<p class=\"has-text-align-center has-dunkelblau-color has-text-color has-link-color wp-elements-0af26f55d0a05ba978bf6463bed86763\">Risksiz protezler<\/p>\n<\/div><\/div>\n\n<p class=\"is-style-zwischentitel\">Hedefimiz: tam memnuniyetiniz &#8211; daha az\u0131 de\u011fil<\/p>\n\n<p>Takma di\u015fler bir g\u00fcven meselesidir. Bu nedenle Audentic olarak kararl\u0131 bir ad\u0131m daha ileri gidiyoruz: Size sadece kaliteyi de\u011fil, ayn\u0131 zamanda memnuniyeti de garanti ediyoruz. Protezleriniz beklentilerinizi kar\u015f\u0131lam\u0131yorsa, s\u00f6z\u00fcm\u00fcz\u00fcn arkas\u0131nda duraca\u011f\u0131z ve her \u015fey yerine oturana kadar \u00fccretsiz olarak yeniden \u00fcretece\u011fiz.<\/p>\n\n<div style=\"height:30px\" aria-hidden=\"true\" class=\"wp-block-spacer\"><\/div>\n\n<div class=\"wp-block-columns alignwide is-layout-flex wp-container-core-columns-is-layout-28f84493 wp-block-columns-is-layout-flex\">\n<div class=\"wp-block-column is-layout-flow wp-block-column-is-layout-flow\">\n<figure class=\"wp-block-image size-large is-style-runde_ecken\"><img loading=\"lazy\" decoding=\"async\" width=\"3600\" height=\"3599\" src=\"https:\/\/www.zahnkostensparen.de\/wp-content\/uploads\/sites\/2\/2025\/07\/audentic-portrait-riemer-fromm-edited.jpg\" alt=\"\" class=\"wp-image-641\" srcset=\"https:\/\/www.zahnkostensparen.de\/wp-content\/uploads\/sites\/2\/2025\/07\/audentic-portrait-riemer-fromm-edited.jpg 3600w, https:\/\/www.zahnkostensparen.de\/wp-content\/uploads\/sites\/2\/2025\/07\/audentic-portrait-riemer-fromm-edited-300x300.jpg 300w, https:\/\/www.zahnkostensparen.de\/wp-content\/uploads\/sites\/2\/2025\/07\/audentic-portrait-riemer-fromm-edited-1024x1024.jpg 1024w, https:\/\/www.zahnkostensparen.de\/wp-content\/uploads\/sites\/2\/2025\/07\/audentic-portrait-riemer-fromm-edited-150x150.jpg 150w, https:\/\/www.zahnkostensparen.de\/wp-content\/uploads\/sites\/2\/2025\/07\/audentic-portrait-riemer-fromm-edited-768x768.jpg 768w, https:\/\/www.zahnkostensparen.de\/wp-content\/uploads\/sites\/2\/2025\/07\/audentic-portrait-riemer-fromm-edited-1536x1536.jpg 1536w, https:\/\/www.zahnkostensparen.de\/wp-content\/uploads\/sites\/2\/2025\/07\/audentic-portrait-riemer-fromm-edited-2048x2048.jpg 2048w\" sizes=\"auto, (max-width: 3600px) 100vw, 3600px\" \/><\/figure>\n<\/div>\n\n\n\n<div class=\"wp-block-column is-vertically-aligned-center is-layout-flow wp-block-column-is-layout-flow\">\n<h2 class=\"wp-block-heading\">Memnuniyet garantimizi \u00f6zel k\u0131lan nedir?<\/h2>\n\n\n\n<p class=\"is-style-zwischentitel_klein\">E\u011ferler ve amalar olmadan de\u011fi\u015ftirme<\/p>\n\n\n\n<p>Siz veya di\u015f hekiminiz protezlerden memnun kalmazsan\u0131z, bunlar\u0131 \u00fccretsiz olarak yeniden \u00fcretece\u011fiz. \u0130ster renk, ister giyim, rahatl\u0131k veya uyum ile ilgili olsun &#8211; ger\u00e7ekten memnun kalana kadar d\u00fczeltiriz. Size hi\u00e7bir ek \u00fccret \u00f6demeden.<\/p>\n\n\n\n<p class=\"is-style-zwischentitel_klein\">Di\u015f hekimi \u00fccreti i\u00e7in maliyetlerin \u00fcstlenilmesi<\/p>\n\n\n\n<p>Di\u015f hekiminiz ayr\u0131ca yeni \u00fcretim i\u00e7in tam \u00fccreti do\u011frudan bizden alacakt\u0131r. Hi\u00e7bir \u015feyi ilerletmek zorunda de\u011filsiniz, bir tart\u0131\u015fma yapmak zorunda de\u011filsiniz &#8211; biz devral\u0131yoruz.<\/p>\n\n\n\n<p class=\"is-style-zwischentitel_klein\">1 y\u0131l de\u011fi\u015fiklik se\u00e7ene\u011fi dahildir<\/p>\n\n\n\n<p>Entegrasyondan sonraki ilk y\u0131l i\u00e7inde di\u015f hekiminiz taraf\u0131ndan \u00fccretsiz olarak de\u011fi\u015fiklik yapt\u0131rabilirsiniz. K\u00fc\u00e7\u00fck bir detay uymuyor mu? Sorun de\u011fil &#8211; biz ilgilenece\u011fiz.<\/p>\n<\/div>\n<\/div>\n\n<div style=\"height:30px\" aria-hidden=\"true\" class=\"wp-block-spacer\"><\/div>\n\n<h2 class=\"wp-block-heading\">Daha da ileri giden bir garanti  <\/h2>\n\n<p>Di\u011fer sa\u011flay\u0131c\u0131lar yasal olarak \u00f6ng\u00f6r\u00fclen \u00f6nlemden memnun olsa da, Audentic daha da ileri gidiyor:<\/p>\n\n<ul class=\"wp-block-list is-style-check_list_small\">\n<li>Malzeme ve i\u015f\u00e7ilik i\u00e7in 4 y\u0131l garanti<\/li>\n\n\n\n<li>Kullan\u0131lan t\u00fcm malzemelerin bulundu\u011fu hasta pasaportu<\/li>\n\n\n\n<li>Memnuniyetsizlik durumunda \u00fccretsiz de\u011fi\u015ftirme<\/li>\n\n\n\n<li>Sizin i\u00e7in \u00e7aba harcaman\u0131za gerek yok &#8211; her \u015feyi di\u015f hekiminizle birlikte biz hallediyoruz<\/li>\n\n\n\n<li>\u0130lk y\u0131la dahil olan de\u011fi\u015fiklikler<\/li>\n<\/ul>\n\n<div style=\"height:30px\" aria-hidden=\"true\" class=\"wp-block-spacer\"><\/div>\n\n<div class=\"wp-block-columns alignwide is-layout-flex wp-container-core-columns-is-layout-28f84493 wp-block-columns-is-layout-flex\">\n<div class=\"wp-block-column is-layout-flow wp-block-column-is-layout-flow\">\n<figure class=\"wp-block-image size-large is-style-runde_ecken\"><img loading=\"lazy\" decoding=\"async\" width=\"1024\" height=\"717\" src=\"https:\/\/www.zahnkostensparen.de\/wp-content\/uploads\/sites\/2\/2025\/06\/audentic-behandlung-1024x717.jpg\" alt=\"\" class=\"wp-image-241\" srcset=\"https:\/\/www.zahnkostensparen.de\/wp-content\/uploads\/sites\/2\/2025\/06\/audentic-behandlung-1024x717.jpg 1024w, https:\/\/www.zahnkostensparen.de\/wp-content\/uploads\/sites\/2\/2025\/06\/audentic-behandlung-300x210.jpg 300w, https:\/\/www.zahnkostensparen.de\/wp-content\/uploads\/sites\/2\/2025\/06\/audentic-behandlung-768x538.jpg 768w, https:\/\/www.zahnkostensparen.de\/wp-content\/uploads\/sites\/2\/2025\/06\/audentic-behandlung-1536x1076.jpg 1536w, https:\/\/www.zahnkostensparen.de\/wp-content\/uploads\/sites\/2\/2025\/06\/audentic-behandlung-2048x1435.jpg 2048w\" sizes=\"auto, (max-width: 1024px) 100vw, 1024px\" \/><\/figure>\n<\/div>\n\n\n\n<div class=\"wp-block-column is-vertically-aligned-center is-layout-flow wp-block-column-is-layout-flow\">\n<h2 class=\"wp-block-heading\">\u0130\u015fleyi\u015f \u015fekli<\/h2>\n\n\n\n<ul class=\"wp-block-list\">\n<li>Siz veya di\u015f hekiminiz bir de\u011fi\u015fiklik talebi veya bir sorun fark ettiniz<\/li>\n\n\n\n<li>Di\u015f hekiminiz bizimle ileti\u015fime ge\u00e7er  <\/li>\n\n\n\n<li>\u00dccretsiz olarak yeniden in\u015fa ediyor veya \u00f6zelle\u015ftiriyoruz<\/li>\n\n\n\n<li>Di\u015f hekiminiz \u00fccreti bizden alacakt\u0131r \u2013 hi\u00e7bir \u00e7aban\u0131z yok  <\/li>\n<\/ul>\n\n\n\n<p>Bunu neden yap\u0131yoruz? Olduk\u00e7a basit bir \u015fekilde, tatmin olman\u0131z\u0131 istemiyoruz &#8211; heyecanl\u0131 olman\u0131z\u0131 istiyoruz.<\/p>\n\n\n\n<p>Bu nedenle m\u00fc\u015fteri hizmetleri ve \u00fcr\u00fcn kalitesi a\u00e7\u0131s\u0131ndan yeni standartlar belirliyoruz. \u00c7\u00fcnk\u00fc: Sadece bizi ba\u015fkalar\u0131na tavsiye ederseniz, i\u015fimizi ger\u00e7ekten iyi yapm\u0131\u015f\u0131z demektir.<\/p>\n\n\n\n<p><strong>Audentic AG \u2013 Memnuniyetin garanti edildi\u011fi di\u015f protezi.<\/strong><\/p>\n<\/div>\n<\/div>\n\n<div style=\"height:30px\" aria-hidden=\"true\" class=\"wp-block-spacer\"><\/div>\n\n<div class=\"wp-block-buttons is-content-justification-center is-layout-flex wp-container-core-buttons-is-layout-a89b3969 wp-block-buttons-is-layout-flex\">\n<div class=\"wp-block-button open-funnel-ab is-style-fill\"><a class=\"wp-block-button__link wp-element-button\">Hemen bir teklif al\u0131n<\/a><\/div>\n<\/div>\n","protected":false},"excerpt":{"rendered":"<p>Protezleriniz beklentilerinizi kar\u015f\u0131lam\u0131yorsa, s\u00f6z\u00fcm\u00fcz\u00fcn arkas\u0131nda duraca\u011f\u0131z ve her \u015fey yerine oturana kadar \u00fccretsiz olarak yeniden \u00fcretece\u011fiz.<\/p>\n","protected":false},"author":1,"featured_media":1108,"parent":1284,"menu_order":2,"comment_status":"closed","ping_status":"closed","template":"","meta":{"_acf_changed":false,"footnotes":""},"class_list":["post-1311","page","type-page","status-publish","has-post-thumbnail","hentry"],"acf":[],"_links":{"self":[{"href":"https:\/\/www.zahnkostensparen.de\/tr\/wp-json\/wp\/v2\/pages\/1311","targetHints":{"allow":["GET"]}}],"collection":[{"href":"https:\/\/www.zahnkostensparen.de\/tr\/wp-json\/wp\/v2\/pages"}],"about":[{"href":"https:\/\/www.zahnkostensparen.de\/tr\/wp-json\/wp\/v2\/types\/page"}],"author":[{"embeddable":true,"href":"https:\/\/www.zahnkostensparen.de\/tr\/wp-json\/wp\/v2\/users\/1"}],"replies":[{"embeddable":true,"href":"https:\/\/www.zahnkostensparen.de\/tr\/wp-json\/wp\/v2\/comments?post=1311"}],"version-history":[{"count":3,"href":"https:\/\/www.zahnkostensparen.de\/tr\/wp-json\/wp\/v2\/pages\/1311\/revisions"}],"predecessor-version":[{"id":1438,"href":"https:\/\/www.zahnkostensparen.de\/tr\/wp-json\/wp\/v2\/pages\/1311\/revisions\/1438"}],"up":[{"embeddable":true,"href":"https:\/\/www.zahnkostensparen.de\/tr\/wp-json\/wp\/v2\/pages\/1284"}],"wp:featuredmedia":[{"embeddable":true,"href":"https:\/\/www.zahnkostensparen.de\/tr\/wp-json\/wp\/v2\/media\/1108"}],"wp:attachment":[{"href":"https:\/\/www.zahnkostensparen.de\/tr\/wp-json\/wp\/v2\/media?parent=1311"}],"curies":[{"name":"wp","href":"https:\/\/api.w.org\/{rel}","templated":true}]}}