{"id":1304,"date":"2025-06-15T12:34:44","date_gmt":"2025-06-15T10:34:44","guid":{"rendered":"https:\/\/www.zahnkostensparen.de\/implant-uestue-kuron"},"modified":"2025-10-07T16:28:32","modified_gmt":"2025-10-07T14:28:32","slug":"implant-uestue-kuron","status":"publish","type":"page","link":"https:\/\/www.zahnkostensparen.de\/tr\/protez\/implant-uestue-kuron","title":{"rendered":"\u0130mplant \u00fcst\u00fc kuron"},"content":{"rendered":"\n<div class=\"wp-block-media-text alignfull is-image-fill-element\"><figure  class=\"wp-block-media-text__media\"><img loading=\"lazy\" decoding=\"async\" width=\"3600\" height=\"2416\" alt=\"\" src=\"https:\/\/www.zahnkostensparen.de\/wp-content\/uploads\/sites\/2\/2025\/06\/audentic-behandlung-zahnarzt-scaled.jpg\" style=\"object-position:50% 50%;\" class=\"wp-image-1052 size-full\" srcset=\"https:\/\/www.zahnkostensparen.de\/wp-content\/uploads\/sites\/2\/2025\/06\/audentic-behandlung-zahnarzt-scaled.jpg 3600w, https:\/\/www.zahnkostensparen.de\/wp-content\/uploads\/sites\/2\/2025\/06\/audentic-behandlung-zahnarzt-300x201.jpg 300w, https:\/\/www.zahnkostensparen.de\/wp-content\/uploads\/sites\/2\/2025\/06\/audentic-behandlung-zahnarzt-1024x687.jpg 1024w, https:\/\/www.zahnkostensparen.de\/wp-content\/uploads\/sites\/2\/2025\/06\/audentic-behandlung-zahnarzt-768x516.jpg 768w, https:\/\/www.zahnkostensparen.de\/wp-content\/uploads\/sites\/2\/2025\/06\/audentic-behandlung-zahnarzt-1536x1031.jpg 1536w, https:\/\/www.zahnkostensparen.de\/wp-content\/uploads\/sites\/2\/2025\/06\/audentic-behandlung-zahnarzt-2048x1375.jpg 2048w\" sizes=\"auto, (max-width: 3600px) 100vw, 3600px\" \/><\/figure><div class=\"wp-block-media-text__content\"><div id=\"spar-bubble-block_9ea036c129e0fa8cb36890e376962774\" class=\"spar-bubble\" >\n    <div class=\"spar-bubble-over\">tasarruf<\/div>\n    <div class=\"spar-bubble-value\">%80&#8217;e<\/div>\n    <div class=\"spar-bubble-under\">varan<\/div>\n<\/div>\n\n\n<p><strong>\u0130mplant \u00fcst\u00fc \u00e7ok mu pahal\u0131?<\/strong><\/p>\n\n\n\n<h1 class=\"wp-block-heading\">Uygun fiyatl\u0131 implant kronu \u2013 \u015fimdi ak\u0131ll\u0131 tasarruf edin!<\/h1>\n\n\n\n<div class=\"wp-block-group only-mobile is-layout-flow wp-block-group-is-layout-flow\">\n<p class=\"is-style-zwischentitel_klein\">Size nas\u0131l yard\u0131mc\u0131 olabiliriz? \u015eunlar aras\u0131ndan se\u00e7im yap\u0131n: <\/p>\n\n\n\n<div class=\"wp-block-group funnelkacheln is-content-justification-left is-nowrap is-layout-flex wp-container-core-group-is-layout-f91642d5 wp-block-group-is-layout-flex\" style=\"padding-bottom:var(--wp--preset--spacing--one)\">\n<div class=\"wp-block-group open-funnel-ab is-layout-constrained wp-container-core-group-is-layout-81979fbc wp-block-group-is-layout-constrained\">\n<figure class=\"wp-block-image aligncenter size-full is-resized\"><img decoding=\"async\" src=\"https:\/\/www.zahnkostensparen.de\/wp-content\/uploads\/sites\/2\/2025\/06\/icon-sparen.svg\" alt=\"\" class=\"wp-image-465\" style=\"aspect-ratio:1;width:90px\"\/><\/figure>\n\n\n\n<p class=\"has-text-align-center\">Ne kadara mal oldu\u011funu bilmek istiyorum<\/p>\n<\/div>\n\n\n\n<div class=\"wp-block-group open-funnel-d is-layout-constrained wp-container-core-group-is-layout-81979fbc wp-block-group-is-layout-constrained\">\n<figure class=\"wp-block-image aligncenter size-full is-resized\"><img decoding=\"async\" src=\"https:\/\/www.zahnkostensparen.de\/wp-content\/uploads\/sites\/2\/2025\/06\/icon-zahnarzt.svg\" alt=\"\" class=\"wp-image-435\" style=\"aspect-ratio:1;width:90px\"\/><\/figure>\n\n\n\n<p class=\"has-text-align-center\">Yak\u0131nlarda bir di\u015f hekimi ar\u0131yorum<\/p>\n<\/div>\n\n\n\n<div class=\"wp-block-group open-funnel-c is-layout-constrained wp-container-core-group-is-layout-81979fbc wp-block-group-is-layout-constrained\">\n<figure class=\"wp-block-image aligncenter size-full is-resized\"><img decoding=\"async\" src=\"https:\/\/www.zahnkostensparen.de\/wp-content\/uploads\/sites\/2\/2025\/06\/icon-broschuere.svg\" alt=\"\" class=\"wp-image-433\" style=\"aspect-ratio:1;width:90px\"\/><\/figure>\n\n\n\n<p class=\"has-text-align-center\">\u00d6nce kendimi bilgilendirece\u011fim<\/p>\n<\/div>\n<\/div>\n<\/div>\n\n\n<div class=\"wp-block-post-excerpt\"><p class=\"wp-block-post-excerpt__excerpt\">\u0130mplant \u00fcst\u00fc kuronlar, tek protezler i\u00e7in dayan\u0131kl\u0131, son derece estetik bir \u00e7\u00f6z\u00fcm sunar \u2013 g\u00fc\u00e7l\u00fc, i\u015flevsel ve ger\u00e7ek di\u015flerden neredeyse ay\u0131rt edilemez. <\/p><\/div>\n\n\n<ul class=\"wp-block-list is-style-check_list_small top-argumente\">\n<li>En kaliteli protezler<\/li>\n\n\n\n<li>G\u00fcvenilir di\u015f hekiminiz taraf\u0131ndan tedavi<\/li>\n\n\n\n<li>4 y\u0131l garanti<\/li>\n\n\n\n<li>100.000&#8217;den fazla hasta tedavi edildi<\/li>\n<\/ul>\n\n\n\n<div class=\"wp-block-buttons is-layout-flex wp-block-buttons-is-layout-flex\">\n<div class=\"wp-block-button open-funnel-ab\"><a class=\"wp-block-button__link wp-element-button\">Hemen bir teklif al\u0131n<\/a><\/div>\n<\/div>\n\n\n\n<div class=\"wp-block-group has-dunkelblau-color has-text-color has-link-color wp-elements-21f20321430a70588c8be9e22eec95e7 is-nowrap is-layout-flex wp-container-core-group-is-layout-39f415c8 wp-block-group-is-layout-flex\" style=\"border-radius:11px;margin-top:var(--wp--preset--spacing--two);margin-bottom:0.5rem\">\n<p><strong>\u015euradan bilinen:<\/strong><\/p>\n\n\n\n<figure class=\"wp-block-image size-full is-resized\"><img decoding=\"async\" src=\"https:\/\/www.audentic-ag.de\/wp-content\/uploads\/2025\/10\/tv-logos-farbig.svg\" alt=\"\" class=\"wp-image-416\" style=\"width:200px\"\/><\/figure>\n<\/div>\n<\/div><\/div>\n\n<div class=\"wp-block-columns alignwide is-layout-flex wp-container-core-columns-is-layout-3f6ad93c wp-block-columns-is-layout-flex\" style=\"margin-bottom:var(--wp--preset--spacing--three)\">\n<div class=\"wp-block-column is-layout-flow wp-block-column-is-layout-flow\">\n<h2 class=\"wp-block-heading\">\u0130mplant \u00fcst\u00fc kuron nedir?<\/h2>\n\n\n\n<p>\u0130mplant, do\u011fal di\u015f k\u00f6k\u00fcn\u00fcn yerini al\u0131r. \u00dczerine bir di\u015f tac\u0131 vidalan\u0131r veya yap\u0131\u015ft\u0131r\u0131l\u0131r. Sonu\u00e7: tamamen i\u015flevsel, sabit bir di\u015f.  <\/p>\n\n\n\n<h2 class=\"wp-block-heading\">\u0130mplant \u00fcst\u00fc kuron nas\u0131l yap\u0131l\u0131r?<\/h2>\n\n\n\n<p>\u0130mplant iyile\u015ftikten sonra, ki\u015fiye \u00f6zel olarak \u00fcretilmi\u015f bir ta\u00e7 tak\u0131l\u0131r. Di\u015f teknisyenlerimiz, \u00e7i\u011fneme ve konu\u015fma s\u0131ras\u0131nda do\u011fal bir his i\u00e7in m\u00fckemmel uyum, renk ve \u0131s\u0131rmaya dikkat eder. <\/p>\n\n\n\n<h2 class=\"wp-block-heading\">\u0130mplant \u00fcst\u00fc kuronun maliyeti nedir?<\/h2>\n\n\n\n<p>\u0130mplant destekli kronlar standart bak\u0131m\u0131n bir par\u00e7as\u0131 de\u011fildir ve \u00f6zel olarak \u00f6denmelidir. Bununla birlikte, yat\u0131r\u0131ma de\u011fer &#8211; kaliteyi adil ko\u015fullarda sunuyoruz. <\/p>\n<\/div>\n\n\n\n<div class=\"wp-block-column is-layout-flow wp-block-column-is-layout-flow\">\n<h2 class=\"wp-block-heading\">\u0130mplant \u00fcst\u00fc ile elde edece\u011finiz avantajlar<\/h2>\n\n\n\n<ul class=\"wp-block-list is-style-check_list_small\">\n<li>Do\u011fal \u00e7i\u011fneme hissi ve kendinden emin konu\u015fma<\/li>\n\n\n\n<li>Sabit ve estetik olarak ger\u00e7ek di\u015ften neredeyse hi\u00e7 ay\u0131rt edilemeyen<\/li>\n\n\n\n<li>Y\u00fcksek kaliteli malzemeler<\/li>\n\n\n\n<li>Uluslararas\u0131 \u00fcretim sayesinde b\u00fcy\u00fck tasarruf<\/li>\n\n\n\n<li>Almanya&#8217;da son muayene<\/li>\n<\/ul>\n\n\n\n<div class=\"wp-block-group has-hellblau-background-color has-background is-layout-constrained wp-container-core-group-is-layout-7bcb8110 wp-block-group-is-layout-constrained\" style=\"border-radius:20px;padding-top:1.5rem;padding-right:var(--wp--preset--spacing--two);padding-bottom:1.5rem;padding-left:var(--wp--preset--spacing--two)\">\n<h2 class=\"wp-block-heading\">\u0130mplant \u00fcst\u00fc kaplama i\u00e7in fiyat teklifi isteyin<\/h2>\n\n\n\n<p>Size herhangi bir y\u00fck\u00fcml\u00fcl\u00fck alt\u0131na girmeden tavsiyede bulunal\u0131m &#8211; ihtiya\u00e7lar\u0131n\u0131za g\u00f6re bireysel bir teklif haz\u0131rlayaca\u011f\u0131z.<\/p>\n\n\n\n<div class=\"wp-block-buttons is-layout-flex wp-block-buttons-is-layout-flex\">\n<div class=\"wp-block-button open-funnel-ab\"><a class=\"wp-block-button__link wp-element-button\">Hemen bir teklif al\u0131n<\/a><\/div>\n<\/div>\n<\/div>\n<\/div>\n<\/div>\n\n<div class=\"wp-block-group only-desktop is-layout-flow wp-block-group-is-layout-flow\">\n<p class=\"has-text-align-center is-style-zwischentitel_klein\" style=\"margin-top:4rem\">\u0130mplant \u00fcst\u00fc kaplamalar konusunda size nas\u0131l yard\u0131mc\u0131 olabiliriz? \u015eunlar aras\u0131ndan se\u00e7im yap\u0131n: <\/p>\n\n\n\n<div class=\"wp-block-group funnelkacheln is-content-justification-center is-nowrap is-layout-flex wp-container-core-group-is-layout-93cbe1bb wp-block-group-is-layout-flex\" style=\"padding-bottom:var(--wp--preset--spacing--one)\">\n<div class=\"wp-block-group open-funnel-ab is-layout-constrained wp-container-core-group-is-layout-81979fbc wp-block-group-is-layout-constrained\">\n<figure class=\"wp-block-image aligncenter size-full is-resized\"><img decoding=\"async\" src=\"https:\/\/www.zahnkostensparen.de\/wp-content\/uploads\/sites\/2\/2025\/06\/icon-sparen.svg\" alt=\"\" class=\"wp-image-465\" style=\"aspect-ratio:1;width:90px\"\/><\/figure>\n\n\n\n<p class=\"has-text-align-center\">Ne kadara mal oldu\u011funu bilmek istiyorum<\/p>\n<\/div>\n\n\n\n<div class=\"wp-block-group open-funnel-d is-layout-constrained wp-container-core-group-is-layout-81979fbc wp-block-group-is-layout-constrained\">\n<figure class=\"wp-block-image aligncenter size-full is-resized\"><img decoding=\"async\" src=\"https:\/\/www.zahnkostensparen.de\/wp-content\/uploads\/sites\/2\/2025\/06\/icon-zahnarzt.svg\" alt=\"\" class=\"wp-image-435\" style=\"aspect-ratio:1;width:90px\"\/><\/figure>\n\n\n\n<p class=\"has-text-align-center\">Yak\u0131nlarda bir di\u015f hekimi ar\u0131yorum<\/p>\n<\/div>\n\n\n\n<div class=\"wp-block-group open-funnel-c is-layout-constrained wp-container-core-group-is-layout-81979fbc wp-block-group-is-layout-constrained\">\n<figure class=\"wp-block-image aligncenter size-full is-resized\"><img decoding=\"async\" src=\"https:\/\/www.zahnkostensparen.de\/wp-content\/uploads\/sites\/2\/2025\/06\/icon-broschuere.svg\" alt=\"\" class=\"wp-image-433\" style=\"aspect-ratio:1;width:90px\"\/><\/figure>\n\n\n\n<p class=\"has-text-align-center\">\u00d6nce kendimi bilgilendirece\u011fim<\/p>\n<\/div>\n<\/div>\n<\/div>\n\n<div class=\"wp-block-columns alignwide is-layout-flex wp-container-core-columns-is-layout-2c2a1393 wp-block-columns-is-layout-flex\" style=\"margin-top:var(--wp--preset--spacing--four);margin-bottom:var(--wp--preset--spacing--four)\">\n<div class=\"wp-block-column is-layout-flow wp-block-column-is-layout-flow\">\n<h2 class=\"wp-block-heading\">S\u0131k\u00e7a Sorulan Sorular<\/h2>\n\n\n<div id=\"akkordeon-block_360465d2d2140af48c237d677495763e\" class=\"akkordeon\">\n  \n\n<h2 class=\"wp-block-heading\">Normal bir kuron ile implant \u00fcst\u00fc kuron aras\u0131ndaki fark nedir?<\/h2>\n\n\n\n<p>Normal bir kuron, do\u011fal bir di\u015fe ba\u011flan\u0131r. \u0130mplant \u00fczerindeki bir kuron, yapay bir di\u015f k\u00f6k\u00fcne (implant) vidalan\u0131r veya yap\u0131\u015ft\u0131r\u0131l\u0131r &#8211; di\u015f tamamen eksikse idealdir. <\/p>\n\n<\/div>\n\n<div id=\"akkordeon-block_360465d2d2140af48c237d677495763e\" class=\"akkordeon\">\n  \n\n<h2 class=\"wp-block-heading\">Bir implantta bir kuron ne kadar s\u00fcrer?<\/h2>\n\n\n\n<p>\u0130mplant \u00fcst\u00fc ta\u00e7lar \u00f6zellikle dayan\u0131kl\u0131d\u0131r \u2013 iyi bak\u0131mla genellikle 15 y\u0131l veya daha uzun s\u00fcre dayan\u0131rlar. Malzemelerimiz ve s\u0131k\u0131 son denetimimiz maksimum g\u00fcvenlik sa\u011flar. <\/p>\n\n<\/div>\n\n<div id=\"akkordeon-block_360465d2d2140af48c237d677495763e\" class=\"akkordeon\">\n  \n\n<h2 class=\"wp-block-heading\">Kuron implanta nas\u0131l tak\u0131l\u0131r?<\/h2>\n\n\n\n<p>Di\u015f hekimine ve sisteme ba\u011fl\u0131 olarak, ata\u015fman vidalan\u0131r veya \u00e7imentolu hale getirilir. Her iki y\u00f6ntem de g\u00fcvenlidir \u2013 kullan\u0131lan implant sistemine uyacak \u015fekilde ayr\u0131 ayr\u0131 \u00fcretim yap\u0131yoruz. <\/p>\n\n<\/div>\n\n<div id=\"akkordeon-block_360465d2d2140af48c237d677495763e\" class=\"akkordeon\">\n  \n\n<h2 class=\"wp-block-heading\">Kuronum implant \u00fczerindeki ger\u00e7ek bir di\u015f gibi g\u00f6r\u00fcnecek mi?<\/h2>\n\n\n\n<p>Evet, tam seramik implant kuronlar\u0131m\u0131z kom\u015fu di\u015flerinizin rengine m\u00fckemmel uyum sa\u011flar. Ger\u00e7ek bir di\u015f gibi g\u00f6r\u00fcn\u00fcrler ve hissederler. <\/p>\n\n<\/div><\/div>\n\n\n\n<div class=\"wp-block-column is-layout-flow wp-block-column-is-layout-flow\">\n<figure class=\"wp-block-image size-large is-style-runde_ecken\"><img loading=\"lazy\" decoding=\"async\" width=\"1024\" height=\"700\" src=\"https:\/\/www.zahnkostensparen.de\/wp-content\/uploads\/sites\/2\/2025\/06\/laecheln-beim-zahnarzt-1024x700.jpg\" alt=\"\" class=\"wp-image-250\" srcset=\"https:\/\/www.zahnkostensparen.de\/wp-content\/uploads\/sites\/2\/2025\/06\/laecheln-beim-zahnarzt-1024x700.jpg 1024w, https:\/\/www.zahnkostensparen.de\/wp-content\/uploads\/sites\/2\/2025\/06\/laecheln-beim-zahnarzt-300x205.jpg 300w, https:\/\/www.zahnkostensparen.de\/wp-content\/uploads\/sites\/2\/2025\/06\/laecheln-beim-zahnarzt-768x525.jpg 768w, https:\/\/www.zahnkostensparen.de\/wp-content\/uploads\/sites\/2\/2025\/06\/laecheln-beim-zahnarzt-1536x1050.jpg 1536w, https:\/\/www.zahnkostensparen.de\/wp-content\/uploads\/sites\/2\/2025\/06\/laecheln-beim-zahnarzt-2048x1400.jpg 2048w\" sizes=\"auto, (max-width: 1024px) 100vw, 1024px\" \/><\/figure>\n<\/div>\n<\/div>\n","protected":false},"excerpt":{"rendered":"<p>\u0130mplant \u00fcst\u00fc kuronlar, tek protezler i\u00e7in dayan\u0131kl\u0131, son derece estetik bir \u00e7\u00f6z\u00fcm sunar \u2013 g\u00fc\u00e7l\u00fc, i\u015flevsel ve ger\u00e7ek di\u015flerden neredeyse ay\u0131rt edilemez.<\/p>\n","protected":false},"author":1,"featured_media":1052,"parent":1355,"menu_order":10,"comment_status":"closed","ping_status":"closed","template":"wp-custom-template-zahnersatz-einzelseite","meta":{"_acf_changed":false,"footnotes":""},"class_list":["post-1304","page","type-page","status-publish","has-post-thumbnail","hentry"],"acf":[],"_links":{"self":[{"href":"https:\/\/www.zahnkostensparen.de\/tr\/wp-json\/wp\/v2\/pages\/1304","targetHints":{"allow":["GET"]}}],"collection":[{"href":"https:\/\/www.zahnkostensparen.de\/tr\/wp-json\/wp\/v2\/pages"}],"about":[{"href":"https:\/\/www.zahnkostensparen.de\/tr\/wp-json\/wp\/v2\/types\/page"}],"author":[{"embeddable":true,"href":"https:\/\/www.zahnkostensparen.de\/tr\/wp-json\/wp\/v2\/users\/1"}],"replies":[{"embeddable":true,"href":"https:\/\/www.zahnkostensparen.de\/tr\/wp-json\/wp\/v2\/comments?post=1304"}],"version-history":[{"count":2,"href":"https:\/\/www.zahnkostensparen.de\/tr\/wp-json\/wp\/v2\/pages\/1304\/revisions"}],"predecessor-version":[{"id":1824,"href":"https:\/\/www.zahnkostensparen.de\/tr\/wp-json\/wp\/v2\/pages\/1304\/revisions\/1824"}],"up":[{"embeddable":true,"href":"https:\/\/www.zahnkostensparen.de\/tr\/wp-json\/wp\/v2\/pages\/1355"}],"wp:featuredmedia":[{"embeddable":true,"href":"https:\/\/www.zahnkostensparen.de\/tr\/wp-json\/wp\/v2\/media\/1052"}],"wp:attachment":[{"href":"https:\/\/www.zahnkostensparen.de\/tr\/wp-json\/wp\/v2\/media?parent=1304"}],"curies":[{"name":"wp","href":"https:\/\/api.w.org\/{rel}","templated":true}]}}