{"id":1293,"date":"2025-06-15T12:35:19","date_gmt":"2025-06-15T10:35:19","guid":{"rendered":"https:\/\/www.zahnkostensparen.de\/sss"},"modified":"2025-08-27T18:31:22","modified_gmt":"2025-08-27T16:31:22","slug":"sss","status":"publish","type":"page","link":"https:\/\/www.zahnkostensparen.de\/tr\/sss","title":{"rendered":"SSS"},"content":{"rendered":"\n<div class=\"wp-block-cover alignfull is-light\" style=\"padding-top:var(--wp--preset--spacing--three);padding-bottom:var(--wp--preset--spacing--three);min-height:142px;aspect-ratio:unset;\"><span aria-hidden=\"true\" class=\"wp-block-cover__background has-hellblau-background-color has-background-dim-100 has-background-dim\"><\/span><div class=\"wp-block-cover__inner-container is-layout-constrained wp-block-cover-is-layout-constrained\">\n<h1 class=\"wp-block-heading has-text-align-center has-blau-color has-text-color has-link-color wp-elements-6fb194b626df80447de5de40bb71a341\">SSS \u2013 S\u0131k\u00e7a Sorulan Sorular<\/h1>\n\n\n\n<p class=\"has-text-align-center has-dunkelblau-color has-text-color has-link-color wp-elements-530f0cd225e1eb5dc952d1ed72f30c25\">Hastalardan en s\u0131k sorulan sorular\u0131 yan\u0131tl\u0131yoruz.<\/p>\n<\/div><\/div>\n<div id=\"akkordeon-block_18a7bac70c7056867765b86ddf2f13cd\" class=\"akkordeon\">\n  \n\n<h2 class=\"wp-block-heading\">Audentic implant da \u00fcretiyor mu?<\/h2>\n\n\n\n<p>Her implant sistemi i\u00e7in t\u00fcm abutmentleri \u00fcretiyoruz. Bu, bizden alaca\u011f\u0131n\u0131z anlam\u0131na gelir: bir implant \u00fczerine yerle\u015ftirilen t\u00fcm di\u015f protezleri, kronlar ve k\u00f6pr\u00fcler. Di\u015f hekiminiz de size \u00e7enenize implante edilecek par\u00e7alar\u0131 verecektir.  <\/p>\n\n<\/div><div id=\"akkordeon-block_18a7bac70c7056867765b86ddf2f13cd\" class=\"akkordeon\">\n  \n\n<h2 class=\"wp-block-heading\">Takma di\u015fler neden bu kadar ucuz?<\/h2>\n\n\n\n<p>Protezlerimiz kaliteden tasarruf etti\u011fimiz i\u00e7in daha ucuz de\u011fildir &#8211; tam tersine: Size en y\u00fcksek kaliteyi uygun bir fiyata sunuyoruz \u00e7\u00fcnk\u00fc s\u00fcre\u00e7lerimizi uzun y\u0131llar boyunca s\u00fcrekli olarak optimize ettik.<\/p>\n\n\n\n<p>\u00dcretim, en kat\u0131 Alman spesifikasyonlar\u0131 alt\u0131nda \u00fcretim yapan ve yaln\u0131zca CE sertifikal\u0131, biyouyumlu malzemeler kullanan uzun s\u00fcredir devam eden bir ortak olan \u00c7in&#8217;deki uzman ortak laboratuvar\u0131m\u0131zda ger\u00e7ekle\u015ftirilmektedir. Daha sonra her bir protez M\u00fclheim an der Ruhr&#8217;daki ana laboratuvar\u0131m\u0131z taraf\u0131ndan test edilir ve onaylan\u0131r &#8211; tamamen Alman \u00fcretiminden bekleyece\u011finiz ayn\u0131 hassasiyet, uyum do\u011frulu\u011fu ve estetik standartlar\u0131yla. <\/p>\n\n\n\n<p>Maliyetli arac\u0131lardan, verimsiz yap\u0131lardan ve gereksiz ek \u00fccretlerden bilin\u00e7li olarak ka\u00e7\u0131n\u0131yoruz ve bu tasarruflar\u0131 do\u011frudan size aktar\u0131yoruz.<\/p>\n\n\n\n<p>Sonu\u00e7: Alman standartlar\u0131na g\u00f6re \u00fcretilen \u00fcst d\u00fczey protezler \u2013 %80&#8217;e kadar daha ucuz, ancak kalite, i\u015f\u00e7ilik ve servis a\u00e7\u0131s\u0131ndan tavizsiz bir \u015fekilde g\u00fc\u00e7l\u00fc.<\/p>\n\n<\/div><div id=\"akkordeon-block_18a7bac70c7056867765b86ddf2f13cd\" class=\"akkordeon\">\n  \n\n<h2 class=\"wp-block-heading\">Audentic&#8217;ten nas\u0131l fiyat teklifi alabilirim?<\/h2>\n\n\n\n<p>Di\u015f tedavinizi ve maliyet plan\u0131n\u0131z\u0131 istedi\u011finiz zaman bize g\u00f6ndermeniz yeterlidir.<\/p>\n\n\n\n<p><strong>E-posta ile:<\/strong> info@audentic.ag<br\/><strong>Posta ile:<\/strong> Audentic AG, Alexanderstra\u00dfe 54, 45472 M\u00fclheim an der Ruhr <br\/><strong>Faks ile:<\/strong> +49 (0) 208 782 666113<\/p>\n\n<\/div><div id=\"akkordeon-block_18a7bac70c7056867765b86ddf2f13cd\" class=\"akkordeon\">\n  \n\n<h2 class=\"wp-block-heading\">\u00c7in&#8217;den gelen protezler Alman protezleri ile ayn\u0131 kaliteye sahip mi?<\/h2>\n\n\n\n<p>Evet! Audentic&#8217;te \u00fcretim \u00c7in&#8217;de ger\u00e7ekle\u015fiyor, ancak orada yaln\u0131zca Almanya&#8217;daki CEN standartlar\u0131na ve T\u0131bbi Cihazlar Y\u00f6netmeli\u011fi&#8217;nin (MDR) (Audentic AG&#8217;nin malzeme garantisi) y\u00fcksek gerekliliklerine uygun malzemeler kullan\u0131yoruz. Sipari\u015finiz, en son Almanya&#8217;daki kendi laboratuvar\u0131m\u0131zda olmak \u00fczere birden fazla kalite kontrol\u00fcne tabi tutulacakt\u0131r.  <\/p>\n\n<\/div><div id=\"akkordeon-block_18a7bac70c7056867765b86ddf2f13cd\" class=\"akkordeon\">\n  \n\n<h2 class=\"wp-block-heading\">Di\u015f hekimim protezlerimi hangi di\u015f laboratuvar\u0131n\u0131n \u00fcretti\u011fini belirleyebilir mi \u2013 yoksa s\u00f6z hakk\u0131m var m\u0131?<\/h2>\n\n\n\n<p>Protezlerinizi hangi di\u015f laboratuvar\u0131nda yapt\u0131raca\u011f\u0131n\u0131z konusunda elbette s\u00f6z sahibisiniz. Di\u015f hekiminiz sadece Audentic ile i\u015fbirli\u011fi yapmay\u0131 reddedebilir. Bununla birlikte, bu bir sorun de\u011fildir, \u00e7\u00fcnk\u00fc bu durumda, bak\u0131m\u0131n\u0131zla ilgilenecek olan referans di\u015f hekimlerimizi &#8211; do\u011frudan b\u00f6lgenizde &#8211; tavsiye etmekten mutluluk duyaca\u011f\u0131z.  <\/p>\n\n<\/div><div id=\"akkordeon-block_18a7bac70c7056867765b86ddf2f13cd\" class=\"akkordeon\">\n  \n\n<h2 class=\"wp-block-heading\">\u00dcretilmesi ne kadar s\u00fcrer?<\/h2>\n\n\n\n<p>Audentic AG, tam da bu s\u0131k s\u0131k duyulan endi\u015fe nedeniyle ileti\u015fim ve lojistik s\u00fcre\u00e7lerini \u00f6zel bir dikkatle m\u00fckemmelle\u015ftirmi\u015ftir ve sipari\u015f kabul\u00fcnden nihai kalite kontrol\u00fcne kadar iyi prova edilmi\u015f yap\u0131lara geri d\u00f6nebilir: her \u015fey &#8220;k\u00f6\u015fe ba\u015f\u0131n\u0131zdaki&#8221; Alman di\u015f laboratuvar\u0131ndaki kadar h\u0131zl\u0131d\u0131r.<\/p>\n\n<\/div><div id=\"akkordeon-block_18a7bac70c7056867765b86ddf2f13cd\" class=\"akkordeon\">\n  \n\n<h2 class=\"wp-block-heading\">\u015eikayet olursa ne olur?<\/h2>\n\n\n\n<p>Audentic&#8217;in iddias\u0131, protezlerin ilk kez oturdu\u011fu y\u00f6n\u00fcnde. Bizimle g\u00fcvenli oynaman\u0131z\u0131n tek nedeni bu de\u011fil: Ayr\u0131ca, i\u015fin yasalar\u0131n gerektirdi\u011finden iki kat daha uzun s\u00fcre hatas\u0131z oldu\u011funa dair 4 y\u0131ll\u0131k bir garanti de vard\u0131r. Gerekirse, tam donan\u0131ml\u0131 bir laboratuvar i\u015fletti\u011fimiz M\u00fclheim an der Ruhr&#8217;daki genel merkezimizde herhangi bir zamanda yerinde onar\u0131m veya iyile\u015ftirmeler m\u00fcmk\u00fcnd\u00fcr.  <\/p>\n\n\n\n<p>Almanya&#8217;da benzersiz olan memnuniyet garantisi ile, tedaviden sonraki ilk 12 ay i\u00e7inde her \u015fey yolunda gidene kadar protezleri yeniden yapt\u0131rabilirsiniz &#8211; tamamen \u00fccretsiz! Bununla birlikte, \u00f6n ko\u015ful, birincil uygulay\u0131c\u0131n\u0131z\u0131n elde tutulmas\u0131d\u0131r. <\/p>\n\n<\/div><div id=\"akkordeon-block_18a7bac70c7056867765b86ddf2f13cd\" class=\"akkordeon\">\n  \n\n<h2 class=\"wp-block-heading\">Yabanc\u0131 protez karar\u0131n\u0131n, sa\u011fl\u0131k sigortas\u0131 \u015firketinden ald\u0131\u011f\u0131m sabit s\u00fcbvansiyon \u00fczerinde olumsuz bir etkisi olur mu?<\/h2>\n\n\n\n<p>Hay\u0131r! Aksine, \u00e7o\u011fu sa\u011fl\u0131k sigortas\u0131 \u015firketi, kronlar, k\u00f6pr\u00fcler ve di\u015f implantlar\u0131 i\u00e7in ucuz alternatiflere olan talebe a\u00e7\u0131k\u00e7a uyum sa\u011flamaktad\u0131r. Tedavi ve maliyet plan\u0131, tedavinin ba\u015flamas\u0131ndan \u00f6nce zaman\u0131nda sunulur ve onaylan\u0131rsa, daha ucuz protezlerin \u00f6n\u00fcnde hi\u00e7bir \u015fey duramaz. Hastalar standart bak\u0131m al\u0131rlar ve Audentic ile kalan katk\u0131 pay\u0131nda %80&#8217;e varan tasarruftan yararlan\u0131rlar.   <\/p>\n\n<\/div><div id=\"akkordeon-block_18a7bac70c7056867765b86ddf2f13cd\" class=\"akkordeon\">\n  \n\n<h2 class=\"wp-block-heading\">Neden sigorta gerekli de\u011fil?<\/h2>\n\n\n\n<p>Fiyatlar\u0131m\u0131zdan her zaman yararlanabilirsiniz &#8211; ne kadar sigortal\u0131 olursan\u0131z olun. Ek di\u015f sigortas\u0131 da genellikle \u00f6dedi\u011finiz bir kredi gibi davran\u0131r. \u00d6zellikle de sigortay\u0131 ge\u00e7 yapt\u0131r\u0131rsan\u0131z.  <\/p>\n\n\n\n<p>Ya\u015fland\u0131\u011f\u0131n\u0131zda veya bak\u0131mda bo\u015fluklar\u0131n\u0131z oldu\u011funda pahal\u0131 hale gelir. Bizimle, herhangi bir harika aritmetik beceri olmadan hemen \u00e7ok tasarruf edebilirsiniz. <\/p>\n\n<\/div>\n<div style=\"height:30px\" aria-hidden=\"true\" class=\"wp-block-spacer\"><\/div>\n\n<p class=\"has-text-align-center\">T\u00fcm sorular\u0131n\u0131z\u0131 yan\u0131tlamaktan mutluluk duyaca\u011f\u0131z. Bizi aray\u0131n: <br\/><strong>0800 \/ 50 51 100<\/strong><br\/>(Alman sabit hatt\u0131ndan \u00fccretsiz)<\/p>\n\n<div style=\"height:30px\" aria-hidden=\"true\" class=\"wp-block-spacer\"><\/div>\n\n<div class=\"wp-block-buttons is-content-justification-center is-layout-flex wp-container-core-buttons-is-layout-a89b3969 wp-block-buttons-is-layout-flex\">\n<div class=\"wp-block-button open-funnel-ab is-style-fill\"><a class=\"wp-block-button__link wp-element-button\">Hemen bir teklif al\u0131n<\/a><\/div>\n<\/div>\n","protected":false},"excerpt":{"rendered":"<p>T\u00fcm sorular\u0131n\u0131z\u0131 yan\u0131tlamaktan mutluluk duyaca\u011f\u0131z. Bizi aray\u0131n: 0800 \/ 50 51 100(Alman sabit hatt\u0131ndan \u00fccretsiz)<\/p>\n","protected":false},"author":1,"featured_media":0,"parent":0,"menu_order":5,"comment_status":"closed","ping_status":"closed","template":"","meta":{"_acf_changed":false,"footnotes":""},"class_list":["post-1293","page","type-page","status-publish","hentry"],"acf":[],"_links":{"self":[{"href":"https:\/\/www.zahnkostensparen.de\/tr\/wp-json\/wp\/v2\/pages\/1293","targetHints":{"allow":["GET"]}}],"collection":[{"href":"https:\/\/www.zahnkostensparen.de\/tr\/wp-json\/wp\/v2\/pages"}],"about":[{"href":"https:\/\/www.zahnkostensparen.de\/tr\/wp-json\/wp\/v2\/types\/page"}],"author":[{"embeddable":true,"href":"https:\/\/www.zahnkostensparen.de\/tr\/wp-json\/wp\/v2\/users\/1"}],"replies":[{"embeddable":true,"href":"https:\/\/www.zahnkostensparen.de\/tr\/wp-json\/wp\/v2\/comments?post=1293"}],"version-history":[{"count":5,"href":"https:\/\/www.zahnkostensparen.de\/tr\/wp-json\/wp\/v2\/pages\/1293\/revisions"}],"predecessor-version":[{"id":1457,"href":"https:\/\/www.zahnkostensparen.de\/tr\/wp-json\/wp\/v2\/pages\/1293\/revisions\/1457"}],"wp:attachment":[{"href":"https:\/\/www.zahnkostensparen.de\/tr\/wp-json\/wp\/v2\/media?parent=1293"}],"curies":[{"name":"wp","href":"https:\/\/api.w.org\/{rel}","templated":true}]}}