{"id":1284,"date":"2025-06-15T12:35:32","date_gmt":"2025-06-15T10:35:32","guid":{"rendered":"https:\/\/www.zahnkostensparen.de\/hizmet"},"modified":"2025-08-27T17:32:27","modified_gmt":"2025-08-27T15:32:27","slug":"hizmet","status":"publish","type":"page","link":"https:\/\/www.zahnkostensparen.de\/tr\/hizmet","title":{"rendered":"Hizmet"},"content":{"rendered":"\n<div class=\"wp-block-cover alignfull is-light\" style=\"padding-top:var(--wp--preset--spacing--three);padding-bottom:var(--wp--preset--spacing--three);min-height:142px;aspect-ratio:unset;\"><span aria-hidden=\"true\" class=\"wp-block-cover__background has-hellblau-background-color has-background-dim-100 has-background-dim\"><\/span><div class=\"wp-block-cover__inner-container is-layout-constrained wp-block-cover-is-layout-constrained\">\n<h1 class=\"wp-block-heading has-text-align-center has-blau-color has-text-color has-link-color wp-elements-6a680981345d4bc80ed511c7abfc43a1\">Hizmet<\/h1>\n\n\n\n<p class=\"has-text-align-center has-dunkelblau-color has-text-color has-link-color wp-elements-76c131fb684bcbbfd6f0dd4afdfb784b\">Telefon, e-posta veya WhatsApp ile sizin i\u00e7in buraday\u0131z.<\/p>\n<\/div><\/div>\n\n<div class=\"wp-block-columns alignwide is-layout-flex wp-container-core-columns-is-layout-28f84493 wp-block-columns-is-layout-flex\">\n<div class=\"wp-block-column is-layout-flow wp-block-column-is-layout-flow\">\n<h2 class=\"wp-block-heading\" style=\"margin-bottom:0;font-size:clamp(1.502rem, 1.502rem + ((1vw - 0.2rem) * 1.815), 2.5rem);\">En kaliteli ve g\u00fcvenilir hizmet<\/h2>\n\n\n\n<ul class=\"wp-block-list is-style-check_list_big\">\n<li><strong>Dan\u0131\u015fma<\/strong><br\/>Protezleriniz hakk\u0131nda sorular\u0131n\u0131z m\u0131 var? Size tavsiyelerde bulunaca\u011f\u0131z ve y\u00fcksek kalite ve uygun fiyat ile do\u011fru protezleri se\u00e7menize yard\u0131mc\u0131 olaca\u011f\u0131z.<\/li>\n\n\n\n<li><strong>Memnuniyet<\/strong><br\/>Siz veya di\u015f hekiminiz protezlerimizi be\u011fenmezseniz &#8211; nedeni ne olursa olsun &#8211; onlar\u0131 tekrar yapaca\u011f\u0131z. Memnun kalana kadar.<\/li>\n\n\n\n<li><strong>Malzeme Garantisi<\/strong>\u2028<br\/>Tan\u0131nm\u0131\u015f Alman \u00fcreticilerden malzemeler<\/li>\n\n\n\n<li><strong>\u00dccretsiz \u00fcreme<\/strong><br\/>Entegrasyondan sonraki ilk y\u0131l i\u00e7inde di\u015f hekiminiz taraf\u0131ndan \u00fccretsiz olarak de\u011fi\u015fiklik yapt\u0131rabilirsiniz.<\/li>\n<\/ul>\n<\/div>\n\n\n\n<div class=\"wp-block-column is-layout-flow wp-block-column-is-layout-flow\">\n<figure class=\"wp-block-image size-large is-style-runde_ecken\"><img loading=\"lazy\" decoding=\"async\" width=\"1024\" height=\"848\" src=\"https:\/\/www.zahnkostensparen.de\/wp-content\/uploads\/sites\/2\/2025\/06\/zufriedener-kunde-1024x848.jpg\" alt=\"\" class=\"wp-image-513\" srcset=\"https:\/\/www.zahnkostensparen.de\/wp-content\/uploads\/sites\/2\/2025\/06\/zufriedener-kunde-1024x848.jpg 1024w, https:\/\/www.zahnkostensparen.de\/wp-content\/uploads\/sites\/2\/2025\/06\/zufriedener-kunde-300x248.jpg 300w, https:\/\/www.zahnkostensparen.de\/wp-content\/uploads\/sites\/2\/2025\/06\/zufriedener-kunde-768x636.jpg 768w, https:\/\/www.zahnkostensparen.de\/wp-content\/uploads\/sites\/2\/2025\/06\/zufriedener-kunde-1536x1271.jpg 1536w, https:\/\/www.zahnkostensparen.de\/wp-content\/uploads\/sites\/2\/2025\/06\/zufriedener-kunde-2048x1695.jpg 2048w\" sizes=\"auto, (max-width: 1024px) 100vw, 1024px\" \/><\/figure>\n\n\n\n<p><\/p>\n<\/div>\n<\/div>\n\n<div style=\"height:30px\" aria-hidden=\"true\" class=\"wp-block-spacer\"><\/div>\n\n<div class=\"wp-block-query alignwide is-layout-flow wp-block-query-is-layout-flow\"><ul class=\"columns-3 wp-block-post-template is-layout-grid wp-container-core-post-template-is-layout-b4f8938d wp-block-post-template-is-layout-grid\"><li class=\"wp-block-post post-1303 page type-page status-publish has-post-thumbnail hentry\">\n<figure style=\"aspect-ratio:16\/9;\" class=\"wp-block-post-featured-image\"><a href=\"https:\/\/www.zahnkostensparen.de\/tr\/hizmet\/kalite-ve-garanti\" target=\"_self\"  ><img loading=\"lazy\" decoding=\"async\" width=\"3000\" height=\"2067\" src=\"https:\/\/www.zahnkostensparen.de\/wp-content\/uploads\/sites\/2\/2025\/07\/veneers_vorher_nachher.jpg\" class=\"attachment-post-thumbnail size-post-thumbnail wp-post-image\" alt=\"Kalite ve Garanti\" style=\"border-radius:15px;width:100%;height:100%;object-fit:cover;\" srcset=\"https:\/\/www.zahnkostensparen.de\/wp-content\/uploads\/sites\/2\/2025\/07\/veneers_vorher_nachher.jpg 3000w, https:\/\/www.zahnkostensparen.de\/wp-content\/uploads\/sites\/2\/2025\/07\/veneers_vorher_nachher-300x207.jpg 300w, https:\/\/www.zahnkostensparen.de\/wp-content\/uploads\/sites\/2\/2025\/07\/veneers_vorher_nachher-1024x706.jpg 1024w, https:\/\/www.zahnkostensparen.de\/wp-content\/uploads\/sites\/2\/2025\/07\/veneers_vorher_nachher-768x529.jpg 768w, https:\/\/www.zahnkostensparen.de\/wp-content\/uploads\/sites\/2\/2025\/07\/veneers_vorher_nachher-1536x1058.jpg 1536w, https:\/\/www.zahnkostensparen.de\/wp-content\/uploads\/sites\/2\/2025\/07\/veneers_vorher_nachher-2048x1411.jpg 2048w\" sizes=\"auto, (max-width: 3000px) 100vw, 3000px\" \/><\/a><\/figure>\n\n<h2 class=\"wp-block-post-title\"><a href=\"https:\/\/www.zahnkostensparen.de\/tr\/hizmet\/kalite-ve-garanti\" target=\"_self\" >Kalite ve Garanti<\/a><\/h2>\n\n<div style=\"margin-top:var(--wp--preset--spacing--one);\" class=\"wp-block-post-excerpt\"><p class=\"wp-block-post-excerpt__excerpt\">On y\u0131l\u0131 a\u015fk\u0131n bir s\u00fcredir, Alman kalite denetimi, sertifikal\u0131 malzemeler ve tavizsiz son denetimin bir kombinasyonuna g\u00fcveniyoruz.<\/p><p class=\"wp-block-post-excerpt__more-text\"><a class=\"wp-block-post-excerpt__more-link\" href=\"https:\/\/www.zahnkostensparen.de\/tr\/hizmet\/kalite-ve-garanti\">Uzak<\/a><\/p><\/div>\n<\/li><li class=\"wp-block-post post-1311 page type-page status-publish has-post-thumbnail hentry\">\n<figure style=\"aspect-ratio:16\/9;\" class=\"wp-block-post-featured-image\"><a href=\"https:\/\/www.zahnkostensparen.de\/tr\/hizmet\/memnuniyet\" target=\"_self\"  ><img loading=\"lazy\" decoding=\"async\" width=\"3600\" height=\"2025\" src=\"https:\/\/www.zahnkostensparen.de\/wp-content\/uploads\/sites\/2\/2025\/07\/audentic-portrait-riemer-fromm-edited-1.jpg\" class=\"attachment-post-thumbnail size-post-thumbnail wp-post-image\" alt=\"Memnuniyet\" style=\"border-radius:15px;width:100%;height:100%;object-fit:cover;\" srcset=\"https:\/\/www.zahnkostensparen.de\/wp-content\/uploads\/sites\/2\/2025\/07\/audentic-portrait-riemer-fromm-edited-1.jpg 3600w, https:\/\/www.zahnkostensparen.de\/wp-content\/uploads\/sites\/2\/2025\/07\/audentic-portrait-riemer-fromm-edited-1-300x169.jpg 300w, https:\/\/www.zahnkostensparen.de\/wp-content\/uploads\/sites\/2\/2025\/07\/audentic-portrait-riemer-fromm-edited-1-1024x576.jpg 1024w, https:\/\/www.zahnkostensparen.de\/wp-content\/uploads\/sites\/2\/2025\/07\/audentic-portrait-riemer-fromm-edited-1-768x432.jpg 768w, https:\/\/www.zahnkostensparen.de\/wp-content\/uploads\/sites\/2\/2025\/07\/audentic-portrait-riemer-fromm-edited-1-1536x864.jpg 1536w, https:\/\/www.zahnkostensparen.de\/wp-content\/uploads\/sites\/2\/2025\/07\/audentic-portrait-riemer-fromm-edited-1-2048x1152.jpg 2048w\" sizes=\"auto, (max-width: 3600px) 100vw, 3600px\" \/><\/a><\/figure>\n\n<h2 class=\"wp-block-post-title\"><a href=\"https:\/\/www.zahnkostensparen.de\/tr\/hizmet\/memnuniyet\" target=\"_self\" >Memnuniyet<\/a><\/h2>\n\n<div style=\"margin-top:var(--wp--preset--spacing--one);\" class=\"wp-block-post-excerpt\"><p class=\"wp-block-post-excerpt__excerpt\">Protezleriniz beklentilerinizi kar\u015f\u0131lam\u0131yorsa, s\u00f6z\u00fcm\u00fcz\u00fcn arkas\u0131nda duraca\u011f\u0131z ve her \u015fey yerine oturana kadar \u00fccretsiz olarak yeniden \u00fcretece\u011fiz.<\/p><p class=\"wp-block-post-excerpt__more-text\"><a class=\"wp-block-post-excerpt__more-link\" href=\"https:\/\/www.zahnkostensparen.de\/tr\/hizmet\/memnuniyet\">Uzak<\/a><\/p><\/div>\n<\/li><li class=\"wp-block-post post-1267 page type-page status-publish has-post-thumbnail hentry\">\n<figure style=\"aspect-ratio:16\/9;\" class=\"wp-block-post-featured-image\"><a href=\"https:\/\/www.zahnkostensparen.de\/tr\/hizmet\/hasta-yardim-hatti\" target=\"_self\"  ><img loading=\"lazy\" decoding=\"async\" width=\"3600\" height=\"2400\" src=\"https:\/\/www.zahnkostensparen.de\/wp-content\/uploads\/sites\/2\/2025\/07\/audentic-support.jpg\" class=\"attachment-post-thumbnail size-post-thumbnail wp-post-image\" alt=\"Hasta yard\u0131m hatt\u0131\" style=\"border-radius:15px;width:100%;height:100%;object-fit:cover;\" srcset=\"https:\/\/www.zahnkostensparen.de\/wp-content\/uploads\/sites\/2\/2025\/07\/audentic-support.jpg 3600w, https:\/\/www.zahnkostensparen.de\/wp-content\/uploads\/sites\/2\/2025\/07\/audentic-support-300x200.jpg 300w, https:\/\/www.zahnkostensparen.de\/wp-content\/uploads\/sites\/2\/2025\/07\/audentic-support-1024x683.jpg 1024w, https:\/\/www.zahnkostensparen.de\/wp-content\/uploads\/sites\/2\/2025\/07\/audentic-support-768x512.jpg 768w, https:\/\/www.zahnkostensparen.de\/wp-content\/uploads\/sites\/2\/2025\/07\/audentic-support-1536x1024.jpg 1536w, https:\/\/www.zahnkostensparen.de\/wp-content\/uploads\/sites\/2\/2025\/07\/audentic-support-2048x1365.jpg 2048w\" sizes=\"auto, (max-width: 3600px) 100vw, 3600px\" \/><\/a><\/figure>\n\n<h2 class=\"wp-block-post-title\"><a href=\"https:\/\/www.zahnkostensparen.de\/tr\/hizmet\/hasta-yardim-hatti\" target=\"_self\" >Hasta yard\u0131m hatt\u0131<\/a><\/h2>\n\n<div style=\"margin-top:var(--wp--preset--spacing--one);\" class=\"wp-block-post-excerpt\"><p class=\"wp-block-post-excerpt__excerpt\">Audentic&#8217;te e\u011fitimli, g\u00fcler y\u00fczl\u00fc ve profesyonel olarak yetkin bir ekip yan\u0131n\u0131zdad\u0131r &#8211; herhangi bir bekleme s\u00fcresi olmadan, y\u00f6nlendirme olmadan ve tabii ki \u00fccretsiz olarak.<\/p><p class=\"wp-block-post-excerpt__more-text\"><a class=\"wp-block-post-excerpt__more-link\" href=\"https:\/\/www.zahnkostensparen.de\/tr\/hizmet\/hasta-yardim-hatti\">Uzak<\/a><\/p><\/div>\n<\/li><\/ul>\n\n<\/div>\n","protected":false},"excerpt":{"rendered":"<p>En kaliteli ve g\u00fcvenilir hizmet<\/p>\n","protected":false},"author":1,"featured_media":0,"parent":0,"menu_order":7,"comment_status":"closed","ping_status":"closed","template":"","meta":{"_acf_changed":false,"footnotes":""},"class_list":["post-1284","page","type-page","status-publish","hentry"],"acf":[],"_links":{"self":[{"href":"https:\/\/www.zahnkostensparen.de\/tr\/wp-json\/wp\/v2\/pages\/1284","targetHints":{"allow":["GET"]}}],"collection":[{"href":"https:\/\/www.zahnkostensparen.de\/tr\/wp-json\/wp\/v2\/pages"}],"about":[{"href":"https:\/\/www.zahnkostensparen.de\/tr\/wp-json\/wp\/v2\/types\/page"}],"author":[{"embeddable":true,"href":"https:\/\/www.zahnkostensparen.de\/tr\/wp-json\/wp\/v2\/users\/1"}],"replies":[{"embeddable":true,"href":"https:\/\/www.zahnkostensparen.de\/tr\/wp-json\/wp\/v2\/comments?post=1284"}],"version-history":[{"count":1,"href":"https:\/\/www.zahnkostensparen.de\/tr\/wp-json\/wp\/v2\/pages\/1284\/revisions"}],"predecessor-version":[{"id":1286,"href":"https:\/\/www.zahnkostensparen.de\/tr\/wp-json\/wp\/v2\/pages\/1284\/revisions\/1286"}],"wp:attachment":[{"href":"https:\/\/www.zahnkostensparen.de\/tr\/wp-json\/wp\/v2\/media?parent=1284"}],"curies":[{"name":"wp","href":"https:\/\/api.w.org\/{rel}","templated":true}]}}