{"id":1271,"date":"2025-06-24T09:13:02","date_gmt":"2025-06-24T07:13:02","guid":{"rendered":"https:\/\/www.zahnkostensparen.de\/dis-splintleri"},"modified":"2025-08-27T18:41:07","modified_gmt":"2025-08-27T16:41:07","slug":"dis-splintleri","status":"publish","type":"page","link":"https:\/\/www.zahnkostensparen.de\/tr\/dis-splintleri","title":{"rendered":"Di\u015f splintleri"},"content":{"rendered":"\n<div class=\"wp-block-cover alignfull is-light\" style=\"padding-top:var(--wp--preset--spacing--three);padding-bottom:var(--wp--preset--spacing--three);min-height:142px;aspect-ratio:unset;\"><span aria-hidden=\"true\" class=\"wp-block-cover__background has-hellblau-background-color has-background-dim-100 has-background-dim\"><\/span><div class=\"wp-block-cover__inner-container is-layout-constrained wp-block-cover-is-layout-constrained\">\n<h1 class=\"wp-block-heading has-text-align-center has-blau-color has-text-color has-link-color wp-elements-14fc0fe4b62516b13b22ee3161d13c42\">Profesyonellerden uygun fiyatl\u0131 splintler<\/h1>\n\n\n\n<p class=\"has-text-align-center has-dunkelblau-color has-text-color has-link-color wp-elements-917cbfae9aace3e68ac7ab876c23dd67\">Atelinizi se\u00e7in ve bizden fiyat teklifi isteyin.<\/p>\n<\/div><\/div>\n\n\n\n<div class=\"wp-block-query is-layout-flow wp-block-query-is-layout-flow\"><ul class=\"columns-2 wp-block-post-template is-layout-grid wp-container-core-post-template-is-layout-df80f967 wp-block-post-template-is-layout-grid\"><li class=\"wp-block-post post-1289 page type-page status-publish has-post-thumbnail hentry\">\n<figure style=\"aspect-ratio:16\/9;\" class=\"wp-block-post-featured-image\"><a href=\"https:\/\/www.zahnkostensparen.de\/tr\/dis-splintleri\/dis-hizalama-ateli\" target=\"_self\"  ><img loading=\"lazy\" decoding=\"async\" width=\"3600\" height=\"2388\" src=\"https:\/\/www.zahnkostensparen.de\/wp-content\/uploads\/sites\/2\/2025\/06\/zahnschiene-scaled.jpg\" class=\"attachment-post-thumbnail size-post-thumbnail wp-post-image\" alt=\"Di\u015f hizalama ateli\" style=\"border-radius:15px;width:100%;height:100%;object-fit:cover;\" srcset=\"https:\/\/www.zahnkostensparen.de\/wp-content\/uploads\/sites\/2\/2025\/06\/zahnschiene-scaled.jpg 3600w, https:\/\/www.zahnkostensparen.de\/wp-content\/uploads\/sites\/2\/2025\/06\/zahnschiene-300x199.jpg 300w, https:\/\/www.zahnkostensparen.de\/wp-content\/uploads\/sites\/2\/2025\/06\/zahnschiene-1024x679.jpg 1024w, https:\/\/www.zahnkostensparen.de\/wp-content\/uploads\/sites\/2\/2025\/06\/zahnschiene-768x509.jpg 768w, https:\/\/www.zahnkostensparen.de\/wp-content\/uploads\/sites\/2\/2025\/06\/zahnschiene-1536x1019.jpg 1536w, https:\/\/www.zahnkostensparen.de\/wp-content\/uploads\/sites\/2\/2025\/06\/zahnschiene-2048x1358.jpg 2048w\" sizes=\"auto, (max-width: 3600px) 100vw, 3600px\" \/><\/a><\/figure>\n\n<h2 class=\"wp-block-post-title\"><a href=\"https:\/\/www.zahnkostensparen.de\/tr\/dis-splintleri\/dis-hizalama-ateli\" target=\"_self\" >Di\u015f hizalama ateli<\/a><\/h2>\n\n<div style=\"margin-top:var(--wp--preset--spacing--one);\" class=\"wp-block-post-excerpt\"><p class=\"wp-block-post-excerpt__excerpt\">Yeti\u015fkinler i\u00e7in g\u00f6r\u00fcnmez di\u015f telleri: \u015eeffaf di\u015f hizalama splintleri ile di\u015flerinizi braketler veya teller olmadan en iyi \u015fekle getirebilirsiniz.<\/p><p class=\"wp-block-post-excerpt__more-text\"><a class=\"wp-block-post-excerpt__more-link\" href=\"https:\/\/www.zahnkostensparen.de\/tr\/dis-splintleri\/dis-hizalama-ateli\">Uzak<\/a><\/p><\/div>\n<\/li><li class=\"wp-block-post post-1315 page type-page status-publish has-post-thumbnail hentry\">\n<figure style=\"aspect-ratio:16\/9;\" class=\"wp-block-post-featured-image\"><a href=\"https:\/\/www.zahnkostensparen.de\/tr\/dis-splintleri\/horlama-ateli\" target=\"_self\"  ><img loading=\"lazy\" decoding=\"async\" width=\"3600\" height=\"2201\" src=\"https:\/\/www.zahnkostensparen.de\/wp-content\/uploads\/sites\/2\/2025\/06\/knirschschiene.jpg\" class=\"attachment-post-thumbnail size-post-thumbnail wp-post-image\" alt=\"Horlama ateli\" style=\"border-radius:15px;width:100%;height:100%;object-fit:cover;\" srcset=\"https:\/\/www.zahnkostensparen.de\/wp-content\/uploads\/sites\/2\/2025\/06\/knirschschiene.jpg 3600w, https:\/\/www.zahnkostensparen.de\/wp-content\/uploads\/sites\/2\/2025\/06\/knirschschiene-300x183.jpg 300w, https:\/\/www.zahnkostensparen.de\/wp-content\/uploads\/sites\/2\/2025\/06\/knirschschiene-1024x626.jpg 1024w, https:\/\/www.zahnkostensparen.de\/wp-content\/uploads\/sites\/2\/2025\/06\/knirschschiene-768x470.jpg 768w, https:\/\/www.zahnkostensparen.de\/wp-content\/uploads\/sites\/2\/2025\/06\/knirschschiene-1536x939.jpg 1536w, https:\/\/www.zahnkostensparen.de\/wp-content\/uploads\/sites\/2\/2025\/06\/knirschschiene-2048x1252.jpg 2048w\" sizes=\"auto, (max-width: 3600px) 100vw, 3600px\" \/><\/a><\/figure>\n\n<h2 class=\"wp-block-post-title\"><a href=\"https:\/\/www.zahnkostensparen.de\/tr\/dis-splintleri\/horlama-ateli\" target=\"_self\" >Horlama ateli<\/a><\/h2>\n\n<div style=\"margin-top:var(--wp--preset--spacing--one);\" class=\"wp-block-post-excerpt\"><p class=\"wp-block-post-excerpt__excerpt\">Horlama sadece partneri rahats\u0131z etmekle kalmaz, ayn\u0131 zamanda sa\u011fl\u0131\u011f\u0131 da tehlikeye atabilir. Ki\u015fiye \u00f6zel olarak \u00fcretilmi\u015f bir horlama ateli ile tekrar huzur i\u00e7inde uyuyabilir ve daha tazelenmi\u015f bir \u015fekilde uyanabilirsiniz.<\/p><p class=\"wp-block-post-excerpt__more-text\"><a class=\"wp-block-post-excerpt__more-link\" href=\"https:\/\/www.zahnkostensparen.de\/tr\/dis-splintleri\/horlama-ateli\">Uzak<\/a><\/p><\/div>\n<\/li><\/ul>\n\n<\/div>\n","protected":false},"excerpt":{"rendered":"","protected":false},"author":1,"featured_media":0,"parent":0,"menu_order":3,"comment_status":"closed","ping_status":"closed","template":"","meta":{"_acf_changed":false,"footnotes":""},"class_list":["post-1271","page","type-page","status-publish","hentry"],"acf":[],"_links":{"self":[{"href":"https:\/\/www.zahnkostensparen.de\/tr\/wp-json\/wp\/v2\/pages\/1271","targetHints":{"allow":["GET"]}}],"collection":[{"href":"https:\/\/www.zahnkostensparen.de\/tr\/wp-json\/wp\/v2\/pages"}],"about":[{"href":"https:\/\/www.zahnkostensparen.de\/tr\/wp-json\/wp\/v2\/types\/page"}],"author":[{"embeddable":true,"href":"https:\/\/www.zahnkostensparen.de\/tr\/wp-json\/wp\/v2\/users\/1"}],"replies":[{"embeddable":true,"href":"https:\/\/www.zahnkostensparen.de\/tr\/wp-json\/wp\/v2\/comments?post=1271"}],"version-history":[{"count":4,"href":"https:\/\/www.zahnkostensparen.de\/tr\/wp-json\/wp\/v2\/pages\/1271\/revisions"}],"predecessor-version":[{"id":1473,"href":"https:\/\/www.zahnkostensparen.de\/tr\/wp-json\/wp\/v2\/pages\/1271\/revisions\/1473"}],"wp:attachment":[{"href":"https:\/\/www.zahnkostensparen.de\/tr\/wp-json\/wp\/v2\/media?parent=1271"}],"curies":[{"name":"wp","href":"https:\/\/api.w.org\/{rel}","templated":true}]}}