{"id":1267,"date":"2025-07-01T11:52:09","date_gmt":"2025-07-01T09:52:09","guid":{"rendered":"https:\/\/www.zahnkostensparen.de\/hasta-yardim-hatti"},"modified":"2025-08-27T18:31:08","modified_gmt":"2025-08-27T16:31:08","slug":"hasta-yardim-hatti","status":"publish","type":"page","link":"https:\/\/www.zahnkostensparen.de\/tr\/hizmet\/hasta-yardim-hatti","title":{"rendered":"Hasta yard\u0131m hatt\u0131"},"content":{"rendered":"\n<div class=\"wp-block-cover alignfull is-light\" style=\"padding-top:var(--wp--preset--spacing--three);padding-bottom:var(--wp--preset--spacing--three);min-height:142px;aspect-ratio:unset;\"><span aria-hidden=\"true\" class=\"wp-block-cover__background has-hellblau-background-color has-background-dim-100 has-background-dim\"><\/span><div class=\"wp-block-cover__inner-container is-layout-constrained wp-block-cover-is-layout-constrained\">\n<h1 class=\"wp-block-heading has-text-align-center has-blau-color has-text-color has-link-color wp-elements-ea018113d9763a02fcb17cb957093750\">Hasta yard\u0131m hatt\u0131<\/h1>\n\n\n\n<p class=\"has-text-align-center has-dunkelblau-color has-text-color has-link-color wp-elements-7b422ec30946c31c45a27cef843010e2\">Ki\u015fisel. Yetkili. Serbest.<\/p>\n<\/div><\/div>\n\n<div class=\"wp-block-columns alignwide is-layout-flex wp-container-core-columns-is-layout-28f84493 wp-block-columns-is-layout-flex\">\n<div class=\"wp-block-column is-vertically-aligned-center is-layout-flow wp-block-column-is-layout-flow\">\n<h2 class=\"wp-block-heading\">Sorular\u0131n\u0131z ger\u00e7ek yan\u0131tlar\u0131 hak ediyor &#8211; do\u011frudan uzman ekipten<\/h2>\n\n\n\n<p>Takma di\u015fler konusu sadece hassas de\u011fil, ayn\u0131 zamanda karma\u015f\u0131kt\u0131r. Bu nedenle <strong>Audentic&#8217;in e\u011fitimli, g\u00fcler y\u00fczl\u00fc ve teknik olarak yetkin bir ekibi<\/strong> yan\u0131n\u0131zda &#8211; herhangi bir <strong>bekleme s\u00fcresi olmadan<\/strong>, y\u00f6nlendirme olmadan ve tabii ki <strong>\u00fccretsiz<\/strong>.<\/p>\n\n\n\n<p>Tedavi ve maliyet planlar\u0131, protezlerin kalitesi veya di\u015f hekiminizle i\u015fbirli\u011fi hakk\u0131nda sorular\u0131n\u0131z varsa, <strong>sizin i\u00e7in zaman ay\u0131r\u0131yoruz.<\/strong><\/p>\n<\/div>\n\n\n\n<div class=\"wp-block-column is-layout-flow wp-block-column-is-layout-flow\">\n<figure class=\"wp-block-image size-large is-style-runde_ecken\"><img loading=\"lazy\" decoding=\"async\" width=\"1024\" height=\"683\" src=\"https:\/\/www.zahnkostensparen.de\/wp-content\/uploads\/sites\/2\/2025\/07\/audentic-support-1024x683.jpg\" alt=\"\" class=\"wp-image-661\" srcset=\"https:\/\/www.zahnkostensparen.de\/wp-content\/uploads\/sites\/2\/2025\/07\/audentic-support-1024x683.jpg 1024w, https:\/\/www.zahnkostensparen.de\/wp-content\/uploads\/sites\/2\/2025\/07\/audentic-support-300x200.jpg 300w, https:\/\/www.zahnkostensparen.de\/wp-content\/uploads\/sites\/2\/2025\/07\/audentic-support-768x512.jpg 768w, https:\/\/www.zahnkostensparen.de\/wp-content\/uploads\/sites\/2\/2025\/07\/audentic-support-1536x1024.jpg 1536w, https:\/\/www.zahnkostensparen.de\/wp-content\/uploads\/sites\/2\/2025\/07\/audentic-support-2048x1365.jpg 2048w\" sizes=\"auto, (max-width: 1024px) 100vw, 1024px\" \/><\/figure>\n<\/div>\n<\/div>\n\n<div style=\"height:20px\" aria-hidden=\"true\" class=\"wp-block-spacer\"><\/div>\n\n<div class=\"wp-block-columns alignwide is-layout-flex wp-container-core-columns-is-layout-28f84493 wp-block-columns-is-layout-flex\">\n<div class=\"wp-block-column is-layout-flow wp-block-column-is-layout-flow\">\n<div class=\"wp-block-group has-hellblau-background-color has-background is-layout-flow wp-block-group-is-layout-flow\" style=\"border-radius:20px;padding-top:var(--wp--preset--spacing--two);padding-right:var(--wp--preset--spacing--two);padding-bottom:var(--wp--preset--spacing--two);padding-left:var(--wp--preset--spacing--two)\">\n<h2 class=\"wp-block-heading\">Bize nas\u0131l ula\u015f\u0131l\u0131r?<\/h2>\n\n\n\n<p><strong>\u00dccretsiz hasta yard\u0131m hatt\u0131<\/strong><br\/>(Pazartesi &#8211; Cuma 8 &#8211; 6 aras\u0131)<\/p>\n\n\n\n<p><strong>E-posta<\/strong><br\/><strong><a href=\"mailto:info@audentic.ag\" target=\"_blank\" rel=\"noreferrer noopener\">info@audentic.ag<\/a><\/strong><\/p>\n\n\n\n<p><strong>Posta adresi<\/strong><br\/>Audentic AG \/ Hasta Hizmetleri<br\/>\u0130skenderstra\u00dfe. 54<br\/>45472 M\u00fclheim an der Ruhr<\/p>\n<\/div>\n<\/div>\n\n\n\n<div class=\"wp-block-column is-vertically-aligned-center is-layout-flow wp-block-column-is-layout-flow\">\n<h2 class=\"wp-block-heading\">Avantajlar\u0131<\/h2>\n\n\n\n<ul class=\"wp-block-list is-style-check_list_small\">\n<li><strong>\u015eirket i\u00e7i uzman ekibimizden \u00fccretsiz tavsiye<\/strong><\/li>\n\n\n\n<li>Son 10 y\u0131lda <strong>700.000&#8217;den fazla hasta sorusu cevapland\u0131<\/strong><\/li>\n\n\n\n<li><strong>\u00c7a\u011fr\u0131 merkezi yok<\/strong>, dolamba\u00e7l\u0131 yol yok &#8211; Audental ekibinden do\u011frudan yard\u0131m<\/li>\n\n\n\n<li>Protezler, planlama, prosed\u00fcr ve malzemelerle ilgili t\u00fcm sorularda destek<\/li>\n\n\n\n<li>Halihaz\u0131rda bir tedavi ve maliyet plan\u0131n\u0131z olup olmad\u0131\u011f\u0131na bak\u0131lmaks\u0131z\u0131n tavsiye<\/li>\n<\/ul>\n<\/div>\n<\/div>\n\n<div style=\"height:30px\" aria-hidden=\"true\" class=\"wp-block-spacer\"><\/div>\n\n<h2 class=\"wp-block-heading\">Sizin i\u00e7in ne yap\u0131yoruz<\/h2>\n\n<ul class=\"wp-block-list\">\n<li><strong>Al\u0131nt\u0131 olu\u015fturun:<\/strong> Bize tedavi ve maliyet plan\u0131n\u0131z\u0131 g\u00f6nderin &#8211; 24 saat i\u00e7inde size alternatif bir teklif g\u00f6nderece\u011fiz.<\/li>\n\n\n\n<li><strong>Anla\u015f\u0131l\u0131r bir \u015fekilde a\u00e7\u0131klay\u0131n:<\/strong> Sorular\u0131n\u0131z\u0131, bir hasta olarak sizin her \u015feyi anlayabilece\u011finiz \u015fekilde yan\u0131tl\u0131yoruz.<\/li>\n\n\n\n<li><strong>Sakin ol ve rahatla:<\/strong> Sizin i\u00e7in en iyi \u00e7\u00f6z\u00fcm\u00fc bulman\u0131za yard\u0131mc\u0131 oluyoruz &#8211; d\u00fcr\u00fcst ve \u015feffaf bir \u015fekilde<\/li>\n<\/ul>\n\n<div style=\"height:10px\" aria-hidden=\"true\" class=\"wp-block-spacer\"><\/div>\n\n<div class=\"wp-block-buttons is-content-justification-center is-layout-flex wp-container-core-buttons-is-layout-a89b3969 wp-block-buttons-is-layout-flex\">\n<div class=\"wp-block-button open-funnel-ab is-style-fill\"><a class=\"wp-block-button__link wp-element-button\">Hemen bir teklif al\u0131n<\/a><\/div>\n<\/div>\n","protected":false},"excerpt":{"rendered":"<p>Audentic&#8217;te e\u011fitimli, g\u00fcler y\u00fczl\u00fc ve profesyonel olarak yetkin bir ekip yan\u0131n\u0131zdad\u0131r &#8211; herhangi bir bekleme s\u00fcresi olmadan, y\u00f6nlendirme olmadan ve tabii ki \u00fccretsiz olarak.<\/p>\n","protected":false},"author":1,"featured_media":1106,"parent":1284,"menu_order":3,"comment_status":"closed","ping_status":"closed","template":"","meta":{"_acf_changed":false,"footnotes":""},"class_list":["post-1267","page","type-page","status-publish","has-post-thumbnail","hentry"],"acf":[],"_links":{"self":[{"href":"https:\/\/www.zahnkostensparen.de\/tr\/wp-json\/wp\/v2\/pages\/1267","targetHints":{"allow":["GET"]}}],"collection":[{"href":"https:\/\/www.zahnkostensparen.de\/tr\/wp-json\/wp\/v2\/pages"}],"about":[{"href":"https:\/\/www.zahnkostensparen.de\/tr\/wp-json\/wp\/v2\/types\/page"}],"author":[{"embeddable":true,"href":"https:\/\/www.zahnkostensparen.de\/tr\/wp-json\/wp\/v2\/users\/1"}],"replies":[{"embeddable":true,"href":"https:\/\/www.zahnkostensparen.de\/tr\/wp-json\/wp\/v2\/comments?post=1267"}],"version-history":[{"count":3,"href":"https:\/\/www.zahnkostensparen.de\/tr\/wp-json\/wp\/v2\/pages\/1267\/revisions"}],"predecessor-version":[{"id":1425,"href":"https:\/\/www.zahnkostensparen.de\/tr\/wp-json\/wp\/v2\/pages\/1267\/revisions\/1425"}],"up":[{"embeddable":true,"href":"https:\/\/www.zahnkostensparen.de\/tr\/wp-json\/wp\/v2\/pages\/1284"}],"wp:featuredmedia":[{"embeddable":true,"href":"https:\/\/www.zahnkostensparen.de\/tr\/wp-json\/wp\/v2\/media\/1106"}],"wp:attachment":[{"href":"https:\/\/www.zahnkostensparen.de\/tr\/wp-json\/wp\/v2\/media?parent=1267"}],"curies":[{"name":"wp","href":"https:\/\/api.w.org\/{rel}","templated":true}]}}