{"id":1213,"date":"2025-06-15T12:35:26","date_gmt":"2025-06-15T10:35:26","guid":{"rendered":"https:\/\/www.zahnkostensparen.de\/bloglar"},"modified":"2025-08-27T17:16:01","modified_gmt":"2025-08-27T15:16:01","slug":"bloglar","status":"publish","type":"page","link":"https:\/\/www.zahnkostensparen.de\/tr\/bloglar","title":{"rendered":"Bloglar"},"content":{"rendered":"\n<div class=\"wp-block-cover alignfull is-light\" style=\"padding-top:var(--wp--preset--spacing--three);padding-bottom:var(--wp--preset--spacing--three);min-height:142px;aspect-ratio:unset;\"><span aria-hidden=\"true\" class=\"wp-block-cover__background has-hellblau-background-color has-background-dim-100 has-background-dim\"><\/span><div class=\"wp-block-cover__inner-container is-layout-constrained wp-block-cover-is-layout-constrained\">\n<h1 class=\"wp-block-heading has-text-align-center has-blau-color has-text-color has-link-color wp-elements-ced2fd42f538a4a2e53700e050a2c5bd\">Bloglar<\/h1>\n\n\n\n<p class=\"has-text-align-center has-dunkelblau-color has-text-color has-link-color wp-elements-2c48f31bb5f8e0eecdc4aaa879e9f82d\">Di\u015f teknolojisi hakk\u0131nda yeni ve ilgin\u00e7 ger\u00e7ekleri ve takma di\u015flerin maliyetlerini nas\u0131l \u00f6nemli \u00f6l\u00e7\u00fcde azaltabilece\u011finizi \u00f6\u011frenin. Size protez d\u00fcnyas\u0131 hakk\u0131nda ipu\u00e7lar\u0131 ve i\u00e7g\u00f6r\u00fcler veriyoruz.<\/p>\n<\/div><\/div>\n\n<div class=\"wp-block-group alignwide is-layout-flow wp-block-group-is-layout-flow\" style=\"margin-top:var(--wp--preset--spacing--three);margin-bottom:var(--wp--preset--spacing--three)\">\n<div class=\"wp-block-query is-layout-flow wp-block-query-is-layout-flow\"><ul class=\"wp-block-post-template is-layout-flow wp-block-post-template-is-layout-flow\"><li class=\"wp-block-post post-2564 post type-post status-publish format-standard has-post-thumbnail hentry category-nicht-kategorisiert tag-dis-hekimi-karsilastirma-portali tag-dis-maliyetlerinden-tasarruf tag-dis-masraflarindan-tasarruf-edin tag-iyilesme-ve-maliyet-planini-karsilastirin tag-protez-fiyat-karsilastirmasi tag-protez-karsilastirmasi tag-protezler-icin-maliyetleri-azaltin tag-protezlerden-tasarruf tag-protezlerden-tasarruf-edin tag-ucuz-protezler\">\n\n<div class=\"wp-block-columns is-layout-flex wp-container-core-columns-is-layout-63f5e884 wp-block-columns-is-layout-flex\" style=\"margin-bottom:var(--wp--preset--spacing--three)\">\n<div class=\"wp-block-column is-layout-flow wp-block-column-is-layout-flow\" style=\"flex-basis:33.33%\"><figure style=\"aspect-ratio:16\/9;\" class=\"wp-block-post-featured-image\"><a href=\"https:\/\/www.zahnkostensparen.de\/tr\/blog\/dis-hekimi-karsilastirma-portali-veya-protez-fiyat-karsilastirmasi-buna-deger-mi\" target=\"_self\"  ><img loading=\"lazy\" decoding=\"async\" width=\"2121\" height=\"1414\" src=\"https:\/\/www.zahnkostensparen.de\/wp-content\/uploads\/sites\/2\/2026\/02\/iStock-1484736747.jpg\" class=\"attachment-post-thumbnail size-post-thumbnail wp-post-image\" alt=\"Di\u015f hekimi kar\u015f\u0131la\u015ft\u0131rma portal\u0131 veya protez fiyat kar\u015f\u0131la\u015ft\u0131rmas\u0131 &#8211; buna de\u011fer mi?\" style=\"border-radius:15px;width:100%;height:100%;object-fit:cover;\" srcset=\"https:\/\/www.zahnkostensparen.de\/wp-content\/uploads\/sites\/2\/2026\/02\/iStock-1484736747.jpg 2121w, https:\/\/www.zahnkostensparen.de\/wp-content\/uploads\/sites\/2\/2026\/02\/iStock-1484736747-300x200.jpg 300w, https:\/\/www.zahnkostensparen.de\/wp-content\/uploads\/sites\/2\/2026\/02\/iStock-1484736747-1024x683.jpg 1024w, https:\/\/www.zahnkostensparen.de\/wp-content\/uploads\/sites\/2\/2026\/02\/iStock-1484736747-768x512.jpg 768w, https:\/\/www.zahnkostensparen.de\/wp-content\/uploads\/sites\/2\/2026\/02\/iStock-1484736747-1536x1024.jpg 1536w, https:\/\/www.zahnkostensparen.de\/wp-content\/uploads\/sites\/2\/2026\/02\/iStock-1484736747-2048x1365.jpg 2048w\" sizes=\"auto, (max-width: 2121px) 100vw, 2121px\" \/><\/a><\/figure><\/div>\n\n\n\n<div class=\"wp-block-column is-layout-flow wp-container-core-column-is-layout-487e5d60 wp-block-column-is-layout-flow\" style=\"padding-top:var(--wp--preset--spacing--one);padding-bottom:var(--wp--preset--spacing--one);flex-basis:66.66%\"><h2 class=\"wp-block-post-title\"><a href=\"https:\/\/www.zahnkostensparen.de\/tr\/blog\/dis-hekimi-karsilastirma-portali-veya-protez-fiyat-karsilastirmasi-buna-deger-mi\" target=\"_self\" >Di\u015f hekimi kar\u015f\u0131la\u015ft\u0131rma portal\u0131 veya protez fiyat kar\u015f\u0131la\u015ft\u0131rmas\u0131 &#8211; buna de\u011fer mi?<\/a><\/h2>\n\n<div class=\"wp-block-post-excerpt\"><p class=\"wp-block-post-excerpt__excerpt\">Protezler, Almanya&#8217;daki en maliyetli t\u0131bbi tedavilerden biridir. \u0130ster implant, ta\u00e7, k\u00f6pr\u00fc ya da protez olsun, birka\u00e7 bin euroluk katk\u0131 \u00f6demeleri h\u0131zla ger\u00e7ekle\u015fir. Bu nedenle bir\u00e7ok hasta kendilerine \u015fu soruyu soruyor: Bir di\u015f hekimi kar\u015f\u0131la\u015ft\u0131rma portal\u0131 ya da protez fiyat kar\u015f\u0131la\u015ft\u0131rmas\u0131 ger\u00e7ekten de\u011fer mi? Bu kapsaml\u0131 rehberde, bir tedavi ve maliyet plan\u0131n\u0131 nas\u0131l kontrol edece\u011finizi, tasarruf&hellip;<\/p><p class=\"wp-block-post-excerpt__more-text\"><a class=\"wp-block-post-excerpt__more-link\" href=\"https:\/\/www.zahnkostensparen.de\/tr\/blog\/dis-hekimi-karsilastirma-portali-veya-protez-fiyat-karsilastirmasi-buna-deger-mi\">Okumaya devam et<\/a><\/p><\/div><\/div>\n<\/div>\n\n<\/li><li class=\"wp-block-post post-2305 post type-post status-publish format-standard has-post-thumbnail hentry category-nicht-kategorisiert tag-agrisiz-protezler tag-anksiyete-hastalari-icin-protezler tag-dis-anksiyete-protezleri tag-dis-fobisi-icin-dis-hekimi tag-dis-kaygisi-icin-protezler tag-dis-tedavisi-endiseli-hasta tag-genel-anestezi-altinda-protezler tag-kaygili-hastalar-icin-dis-hekimi tag-korkusuz-protez tag-korkuya-ragmen-protezler tag-protezler-anksiyete-hastalarinda-nasil-calisir tag-siddetli-anksiyete-icin-protez-disleri tag-travma-yasayan-kisiler-icin-protezler\">\n\n<div class=\"wp-block-columns is-layout-flex wp-container-core-columns-is-layout-63f5e884 wp-block-columns-is-layout-flex\" style=\"margin-bottom:var(--wp--preset--spacing--three)\">\n<div class=\"wp-block-column is-layout-flow wp-block-column-is-layout-flow\" style=\"flex-basis:33.33%\"><figure style=\"aspect-ratio:16\/9;\" class=\"wp-block-post-featured-image\"><a href=\"https:\/\/www.zahnkostensparen.de\/tr\/blog\/kaygili-hastalar-icin-protezler-tedavi-boeyle-calisir\" target=\"_self\"  ><img loading=\"lazy\" decoding=\"async\" width=\"1254\" height=\"836\" src=\"https:\/\/www.zahnkostensparen.de\/wp-content\/uploads\/sites\/2\/2026\/01\/iStock-681207440.jpg\" class=\"attachment-post-thumbnail size-post-thumbnail wp-post-image\" alt=\"Kayg\u0131l\u0131 hastalar i\u00e7in protezler: Tedavi b\u00f6yle \u00e7al\u0131\u015f\u0131r\" style=\"border-radius:15px;width:100%;height:100%;object-fit:cover;\" srcset=\"https:\/\/www.zahnkostensparen.de\/wp-content\/uploads\/sites\/2\/2026\/01\/iStock-681207440.jpg 1254w, https:\/\/www.zahnkostensparen.de\/wp-content\/uploads\/sites\/2\/2026\/01\/iStock-681207440-300x200.jpg 300w, https:\/\/www.zahnkostensparen.de\/wp-content\/uploads\/sites\/2\/2026\/01\/iStock-681207440-1024x683.jpg 1024w, https:\/\/www.zahnkostensparen.de\/wp-content\/uploads\/sites\/2\/2026\/01\/iStock-681207440-768x512.jpg 768w\" sizes=\"auto, (max-width: 1254px) 100vw, 1254px\" \/><\/a><\/figure><\/div>\n\n\n\n<div class=\"wp-block-column is-layout-flow wp-container-core-column-is-layout-487e5d60 wp-block-column-is-layout-flow\" style=\"padding-top:var(--wp--preset--spacing--one);padding-bottom:var(--wp--preset--spacing--one);flex-basis:66.66%\"><h2 class=\"wp-block-post-title\"><a href=\"https:\/\/www.zahnkostensparen.de\/tr\/blog\/kaygili-hastalar-icin-protezler-tedavi-boeyle-calisir\" target=\"_self\" >Kayg\u0131l\u0131 hastalar i\u00e7in protezler: Tedavi b\u00f6yle \u00e7al\u0131\u015f\u0131r<\/a><\/h2>\n\n<div class=\"wp-block-post-excerpt\"><p class=\"wp-block-post-excerpt__excerpt\">Di\u015f anksiyetesi nadir de\u011fildir. Almanya&#8217;da milyonlarca insan, b\u00fcy\u00fck di\u015f sorunlar\u0131 ya\u015fasalar veya acil olarak protez taksalar bile, korkudan muayeneye gitmekten ka\u00e7\u0131n\u0131yor. Sonu\u00e7 olarak: k\u00f6t\u00fc di\u015f durumu, utan\u00e7, sosyal \u00e7ekilme ve tedavi maliyetleri daha da art\u0131yor. Ama bunun b\u00f6yle olmas\u0131 gerekmiyor. Bu makale, protez temininin kayg\u0131l\u0131 hastalar i\u00e7in de nas\u0131l m\u00fcmk\u00fcn oldu\u011funu g\u00f6steriyor &#8211; a\u011fr\u0131s\u0131z, panik&hellip;<\/p><p class=\"wp-block-post-excerpt__more-text\"><a class=\"wp-block-post-excerpt__more-link\" href=\"https:\/\/www.zahnkostensparen.de\/tr\/blog\/kaygili-hastalar-icin-protezler-tedavi-boeyle-calisir\">Okumaya devam et<\/a><\/p><\/div><\/div>\n<\/div>\n\n<\/li><li class=\"wp-block-post post-2251 post type-post status-publish format-standard has-post-thumbnail hentry category-nicht-kategorisiert tag-audentik-protezler tag-dis-implanti-acitiyor tag-dis-implanti-agrisinin-nedenleri tag-dis-implanti-alternatifi tag-dis-implanti-gevsek tag-dis-implanti-iltihaplanmasi tag-dis-implanti-tedavisi tag-dis-implantini-kurtarmak tag-dis-protez-implanti tag-implant-cignerken-agriyor tag-implant-kaybi tag-implant-sallaniyor tag-implant-sonrasi-bakim tag-implant-sorunlari tag-kemik-rezorpsiyon-implanti tag-peri-implantit\">\n\n<div class=\"wp-block-columns is-layout-flex wp-container-core-columns-is-layout-63f5e884 wp-block-columns-is-layout-flex\" style=\"margin-bottom:var(--wp--preset--spacing--three)\">\n<div class=\"wp-block-column is-layout-flow wp-block-column-is-layout-flow\" style=\"flex-basis:33.33%\"><figure style=\"aspect-ratio:16\/9;\" class=\"wp-block-post-featured-image\"><a href=\"https:\/\/www.zahnkostensparen.de\/tr\/blog\/implant-agriyor-mu-yoksa-sallaniyor-mu-simdi-ne-yapmalisin\" target=\"_self\"  ><img loading=\"lazy\" decoding=\"async\" width=\"1254\" height=\"836\" src=\"https:\/\/www.zahnkostensparen.de\/wp-content\/uploads\/sites\/2\/2026\/01\/iStock-2151852899.jpg\" class=\"attachment-post-thumbnail size-post-thumbnail wp-post-image\" alt=\"\u0130mplant a\u011fr\u0131yor mu yoksa sallan\u0131yor mu? \u015eimdi ne yapmal\u0131s\u0131n\" style=\"border-radius:15px;width:100%;height:100%;object-fit:cover;\" srcset=\"https:\/\/www.zahnkostensparen.de\/wp-content\/uploads\/sites\/2\/2026\/01\/iStock-2151852899.jpg 1254w, https:\/\/www.zahnkostensparen.de\/wp-content\/uploads\/sites\/2\/2026\/01\/iStock-2151852899-300x200.jpg 300w, https:\/\/www.zahnkostensparen.de\/wp-content\/uploads\/sites\/2\/2026\/01\/iStock-2151852899-1024x683.jpg 1024w, https:\/\/www.zahnkostensparen.de\/wp-content\/uploads\/sites\/2\/2026\/01\/iStock-2151852899-768x512.jpg 768w\" sizes=\"auto, (max-width: 1254px) 100vw, 1254px\" \/><\/a><\/figure><\/div>\n\n\n\n<div class=\"wp-block-column is-layout-flow wp-container-core-column-is-layout-487e5d60 wp-block-column-is-layout-flow\" style=\"padding-top:var(--wp--preset--spacing--one);padding-bottom:var(--wp--preset--spacing--one);flex-basis:66.66%\"><h2 class=\"wp-block-post-title\"><a href=\"https:\/\/www.zahnkostensparen.de\/tr\/blog\/implant-agriyor-mu-yoksa-sallaniyor-mu-simdi-ne-yapmalisin\" target=\"_self\" >\u0130mplant a\u011fr\u0131yor mu yoksa sallan\u0131yor mu? \u015eimdi ne yapmal\u0131s\u0131n<\/a><\/h2>\n\n<div class=\"wp-block-post-excerpt\"><p class=\"wp-block-post-excerpt__excerpt\">Di\u015f implantlar\u0131, eksik di\u015fler i\u00e7in \u00f6zellikle dayan\u0131kl\u0131 bir \u00e7\u00f6z\u00fcm olarak kabul edilir. Ancak implant aniden a\u011fr\u0131yorsa veya hareket ederse, h\u0131zl\u0131 bir tepki gereklidir. Bu makalede, nelere dikkat etmeniz gerekti\u011fini, gev\u015fek implant\u0131n nedenlerini ve mevcut tedavi se\u00e7eneklerini \u00f6\u011freneceksiniz. Ayr\u0131ca implant\u0131n\u0131z\u0131 uzun vadede nas\u0131l stabil tutaca\u011f\u0131n\u0131z\u0131 ve bir de\u011fi\u015fim gerekirse neler yapabilece\u011finizi de g\u00f6sterece\u011fiz. Sallanan Di\u015f \u0130mplant\u0131:<\/p><p class=\"wp-block-post-excerpt__more-text\"><a class=\"wp-block-post-excerpt__more-link\" href=\"https:\/\/www.zahnkostensparen.de\/tr\/blog\/implant-agriyor-mu-yoksa-sallaniyor-mu-simdi-ne-yapmalisin\">Okumaya devam et<\/a><\/p><\/div><\/div>\n<\/div>\n\n<\/li><li class=\"wp-block-post post-1890 post type-post status-publish format-standard has-post-thumbnail hentry category-nicht-kategorisiert tag-audentic-ag-tr tag-dis-implanti-deneyimleri tag-dis-implanti-kalitesi tag-dis-turizmi tag-implant-macaristan tag-implant-tuerkiye tag-protez-karsilastirmasi tag-protez-maliyetleri tag-protezler-almanya tag-protezler-cin tag-protezlerden-tasarruf-edin tag-ucuz-protezler tag-wdr-protezler tag-yurtdisinda-dis-implanti tag-yurtdisinda-dis-tedavisi\">\n\n<div class=\"wp-block-columns is-layout-flex wp-container-core-columns-is-layout-63f5e884 wp-block-columns-is-layout-flex\" style=\"margin-bottom:var(--wp--preset--spacing--three)\">\n<div class=\"wp-block-column is-layout-flow wp-block-column-is-layout-flow\" style=\"flex-basis:33.33%\"><figure style=\"aspect-ratio:16\/9;\" class=\"wp-block-post-featured-image\"><a href=\"https:\/\/www.zahnkostensparen.de\/tr\/blog\/almanyada-ve-yurtdisinda-protezler\" target=\"_self\"  ><img loading=\"lazy\" decoding=\"async\" width=\"2000\" height=\"1500\" src=\"https:\/\/www.zahnkostensparen.de\/wp-content\/uploads\/sites\/2\/2025\/10\/Deutschland_vs_Ausland.jpg\" class=\"attachment-post-thumbnail size-post-thumbnail wp-post-image\" alt=\"Almanya&#8217;da ve yurtd\u0131\u015f\u0131nda protezler\" style=\"border-radius:15px;width:100%;height:100%;object-fit:cover;\" srcset=\"https:\/\/www.zahnkostensparen.de\/wp-content\/uploads\/sites\/2\/2025\/10\/Deutschland_vs_Ausland.jpg 2000w, https:\/\/www.zahnkostensparen.de\/wp-content\/uploads\/sites\/2\/2025\/10\/Deutschland_vs_Ausland-300x225.jpg 300w, https:\/\/www.zahnkostensparen.de\/wp-content\/uploads\/sites\/2\/2025\/10\/Deutschland_vs_Ausland-1024x768.jpg 1024w, https:\/\/www.zahnkostensparen.de\/wp-content\/uploads\/sites\/2\/2025\/10\/Deutschland_vs_Ausland-768x576.jpg 768w, https:\/\/www.zahnkostensparen.de\/wp-content\/uploads\/sites\/2\/2025\/10\/Deutschland_vs_Ausland-1536x1152.jpg 1536w\" sizes=\"auto, (max-width: 2000px) 100vw, 2000px\" \/><\/a><\/figure><\/div>\n\n\n\n<div class=\"wp-block-column is-layout-flow wp-container-core-column-is-layout-487e5d60 wp-block-column-is-layout-flow\" style=\"padding-top:var(--wp--preset--spacing--one);padding-bottom:var(--wp--preset--spacing--one);flex-basis:66.66%\"><h2 class=\"wp-block-post-title\"><a href=\"https:\/\/www.zahnkostensparen.de\/tr\/blog\/almanyada-ve-yurtdisinda-protezler\" target=\"_self\" >Almanya&#8217;da ve yurtd\u0131\u015f\u0131nda protezler<\/a><\/h2>\n\n<div class=\"wp-block-post-excerpt\"><p class=\"wp-block-post-excerpt__excerpt\">Di\u015f implantlar\u0131n\u0131n pahal\u0131 olmas\u0131 gerekmez. Yurti\u00e7i ve yurtd\u0131\u015f\u0131ndaki teklifleri kar\u015f\u0131la\u015ft\u0131r\u0131yoruz ve size g\u00fcvenli ve uygun fiyatl\u0131 bak\u0131m sa\u011flayacak ak\u0131ll\u0131 bir \u00e7\u00f6z\u00fcm g\u00f6steriyoruz.<\/p><p class=\"wp-block-post-excerpt__more-text\"><a class=\"wp-block-post-excerpt__more-link\" href=\"https:\/\/www.zahnkostensparen.de\/tr\/blog\/almanyada-ve-yurtdisinda-protezler\">Okumaya devam et<\/a><\/p><\/div><\/div>\n<\/div>\n\n<\/li><li class=\"wp-block-post post-1215 post type-post status-publish format-standard has-post-thumbnail hentry category-nicht-kategorisiert tag-implant-tr tag-implant-vs-protez tag-protez tag-protez-karsilastirmasi\">\n\n<div class=\"wp-block-columns is-layout-flex wp-container-core-columns-is-layout-63f5e884 wp-block-columns-is-layout-flex\" style=\"margin-bottom:var(--wp--preset--spacing--three)\">\n<div class=\"wp-block-column is-layout-flow wp-block-column-is-layout-flow\" style=\"flex-basis:33.33%\"><figure style=\"aspect-ratio:16\/9;\" class=\"wp-block-post-featured-image\"><a href=\"https:\/\/www.zahnkostensparen.de\/tr\/blog\/protezler-ve-implantlar\" target=\"_self\"  ><img loading=\"lazy\" decoding=\"async\" width=\"1992\" height=\"1505\" src=\"https:\/\/www.zahnkostensparen.de\/wp-content\/uploads\/sites\/2\/2025\/09\/ImplantatVsProthese.jpg\" class=\"attachment-post-thumbnail size-post-thumbnail wp-post-image\" alt=\"Protezler ve \u0130mplantlar\" style=\"border-radius:15px;width:100%;height:100%;object-fit:cover;\" srcset=\"https:\/\/www.zahnkostensparen.de\/wp-content\/uploads\/sites\/2\/2025\/09\/ImplantatVsProthese.jpg 1992w, https:\/\/www.zahnkostensparen.de\/wp-content\/uploads\/sites\/2\/2025\/09\/ImplantatVsProthese-300x227.jpg 300w, https:\/\/www.zahnkostensparen.de\/wp-content\/uploads\/sites\/2\/2025\/09\/ImplantatVsProthese-1024x774.jpg 1024w, https:\/\/www.zahnkostensparen.de\/wp-content\/uploads\/sites\/2\/2025\/09\/ImplantatVsProthese-768x580.jpg 768w, https:\/\/www.zahnkostensparen.de\/wp-content\/uploads\/sites\/2\/2025\/09\/ImplantatVsProthese-1536x1160.jpg 1536w\" sizes=\"auto, (max-width: 1992px) 100vw, 1992px\" \/><\/a><\/figure><\/div>\n\n\n\n<div class=\"wp-block-column is-layout-flow wp-container-core-column-is-layout-487e5d60 wp-block-column-is-layout-flow\" style=\"padding-top:var(--wp--preset--spacing--one);padding-bottom:var(--wp--preset--spacing--one);flex-basis:66.66%\"><h2 class=\"wp-block-post-title\"><a href=\"https:\/\/www.zahnkostensparen.de\/tr\/blog\/protezler-ve-implantlar\" target=\"_self\" >Protezler ve \u0130mplantlar<\/a><\/h2>\n\n<div class=\"wp-block-post-excerpt\"><p class=\"wp-block-post-excerpt__excerpt\">Protezler ya\u015fam ko\u015fullar\u0131na uygun olmal\u0131d\u0131r. Bu yaz\u0131da size her iki se\u00e7ene\u011fin farkl\u0131l\u0131klar\u0131n\u0131, avantajlar\u0131n\u0131 ve dezavantajlar\u0131n\u0131 g\u00f6sterece\u011fiz ve do\u011fru karar\u0131 vermenize yard\u0131mc\u0131 olaca\u011f\u0131z.<\/p><p class=\"wp-block-post-excerpt__more-text\"><a class=\"wp-block-post-excerpt__more-link\" href=\"https:\/\/www.zahnkostensparen.de\/tr\/blog\/protezler-ve-implantlar\">Okumaya devam et<\/a><\/p><\/div><\/div>\n<\/div>\n\n<\/li><li class=\"wp-block-post post-1254 post type-post status-publish format-standard has-post-thumbnail hentry category-nicht-kategorisiert\">\n\n<div class=\"wp-block-columns is-layout-flex wp-container-core-columns-is-layout-63f5e884 wp-block-columns-is-layout-flex\" style=\"margin-bottom:var(--wp--preset--spacing--three)\">\n<div class=\"wp-block-column is-layout-flow wp-block-column-is-layout-flow\" style=\"flex-basis:33.33%\"><figure style=\"aspect-ratio:16\/9;\" class=\"wp-block-post-featured-image\"><a href=\"https:\/\/www.zahnkostensparen.de\/tr\/blog\/ucuz-protezler-iste-bu-sekilde-tasarruf-edebilirsiniz\" target=\"_self\"  ><img loading=\"lazy\" decoding=\"async\" width=\"724\" height=\"483\" src=\"https:\/\/www.zahnkostensparen.de\/wp-content\/uploads\/sites\/2\/2025\/07\/Guenstiger-Zahnersatz.jpg\" class=\"attachment-post-thumbnail size-post-thumbnail wp-post-image\" alt=\"Ucuz protezler &#8211; \u0130\u015fte bu \u015fekilde tasarruf edebilirsiniz!\" style=\"border-radius:15px;width:100%;height:100%;object-fit:cover;\" srcset=\"https:\/\/www.zahnkostensparen.de\/wp-content\/uploads\/sites\/2\/2025\/07\/Guenstiger-Zahnersatz.jpg 724w, https:\/\/www.zahnkostensparen.de\/wp-content\/uploads\/sites\/2\/2025\/07\/Guenstiger-Zahnersatz-300x200.jpg 300w\" sizes=\"auto, (max-width: 724px) 100vw, 724px\" \/><\/a><\/figure><\/div>\n\n\n\n<div class=\"wp-block-column is-layout-flow wp-container-core-column-is-layout-487e5d60 wp-block-column-is-layout-flow\" style=\"padding-top:var(--wp--preset--spacing--one);padding-bottom:var(--wp--preset--spacing--one);flex-basis:66.66%\"><h2 class=\"wp-block-post-title\"><a href=\"https:\/\/www.zahnkostensparen.de\/tr\/blog\/ucuz-protezler-iste-bu-sekilde-tasarruf-edebilirsiniz\" target=\"_self\" >Ucuz protezler &#8211; \u0130\u015fte bu \u015fekilde tasarruf edebilirsiniz!<\/a><\/h2>\n\n<div class=\"wp-block-post-excerpt\"><p class=\"wp-block-post-excerpt__excerpt\">Protezler pahal\u0131 olmak zorunda de\u011fil! Basit stratejiler ve ciddi kar\u015f\u0131la\u015ft\u0131rmalarla herhangi bir kalite kayb\u0131 olmadan protez maliyetlerinizi nas\u0131l \u00f6nemli \u00f6l\u00e7\u00fcde azaltabilece\u011finizi \u00f6\u011frenin.<\/p><p class=\"wp-block-post-excerpt__more-text\"><a class=\"wp-block-post-excerpt__more-link\" href=\"https:\/\/www.zahnkostensparen.de\/tr\/blog\/ucuz-protezler-iste-bu-sekilde-tasarruf-edebilirsiniz\">Okumaya devam et<\/a><\/p><\/div><\/div>\n<\/div>\n\n<\/li><\/ul>\n\n\n\n<\/div>\n<\/div>\n","protected":false},"excerpt":{"rendered":"","protected":false},"author":1,"featured_media":0,"parent":0,"menu_order":6,"comment_status":"closed","ping_status":"closed","template":"","meta":{"_acf_changed":false,"footnotes":""},"class_list":["post-1213","page","type-page","status-publish","hentry"],"acf":[],"_links":{"self":[{"href":"https:\/\/www.zahnkostensparen.de\/tr\/wp-json\/wp\/v2\/pages\/1213","targetHints":{"allow":["GET"]}}],"collection":[{"href":"https:\/\/www.zahnkostensparen.de\/tr\/wp-json\/wp\/v2\/pages"}],"about":[{"href":"https:\/\/www.zahnkostensparen.de\/tr\/wp-json\/wp\/v2\/types\/page"}],"author":[{"embeddable":true,"href":"https:\/\/www.zahnkostensparen.de\/tr\/wp-json\/wp\/v2\/users\/1"}],"replies":[{"embeddable":true,"href":"https:\/\/www.zahnkostensparen.de\/tr\/wp-json\/wp\/v2\/comments?post=1213"}],"version-history":[{"count":1,"href":"https:\/\/www.zahnkostensparen.de\/tr\/wp-json\/wp\/v2\/pages\/1213\/revisions"}],"predecessor-version":[{"id":1214,"href":"https:\/\/www.zahnkostensparen.de\/tr\/wp-json\/wp\/v2\/pages\/1213\/revisions\/1214"}],"wp:attachment":[{"href":"https:\/\/www.zahnkostensparen.de\/tr\/wp-json\/wp\/v2\/media?parent=1213"}],"curies":[{"name":"wp","href":"https:\/\/api.w.org\/{rel}","templated":true}]}}