{"id":1156,"date":"2025-06-15T12:37:57","date_gmt":"2025-06-15T10:37:57","guid":{"rendered":"https:\/\/www.zahnkostensparen.de\/kuenye"},"modified":"2025-08-27T18:31:05","modified_gmt":"2025-08-27T16:31:05","slug":"kuenye","status":"publish","type":"page","link":"https:\/\/www.zahnkostensparen.de\/tr\/kuenye","title":{"rendered":"K\u00fcnye"},"content":{"rendered":"\n<div class=\"wp-block-cover alignfull is-light\" style=\"padding-top:var(--wp--preset--spacing--three);padding-bottom:var(--wp--preset--spacing--three);min-height:142px;aspect-ratio:unset;\"><span aria-hidden=\"true\" class=\"wp-block-cover__background has-hellblau-background-color has-background-dim-100 has-background-dim\"><\/span><div class=\"wp-block-cover__inner-container is-layout-constrained wp-block-cover-is-layout-constrained\">\n<h1 class=\"wp-block-heading has-text-align-center has-blau-color has-text-color has-link-color wp-elements-2a2ccff87fcaeac639d63e82a840c95c\">K\u00fcnye<\/h1>\n<\/div><\/div>\n\n<p><strong>Audentic AG<\/strong><br\/>Alexanderstra\u00dfe 54<br\/>45472 M\u00fclheim an der Ruhr<\/p>\n\n<p>Ticaret sicili: 24936<br\/>Tescil mahkemesi: Duisburg Yerel Mahkemesi<\/p>\n\n<p><strong>Temsil eden:<\/strong><br\/>Dr. Holger-Ludwig Riemer<\/p>\n\n<p><strong>Denetim Kurulu Ba\u015fkan\u0131:<\/strong><br\/>Dr. Markus Braunewell<\/p>\n\n<h2 class=\"wp-block-heading\">\u0130leti\u015fim<\/h2>\n\n<p>Telefon: +49 (0) 208 782 666-0<br\/>Faks: +49 (0) 208 782 666-110<br\/>E-posta: info@audentic.ag<\/p>\n\n<h2 class=\"wp-block-heading\">KDV Numaras\u0131<\/h2>\n\n<p>KDV Kanunu Madde 27a uyar\u0131nca KDV kimlik numaras\u0131:<br\/>DE278076323<\/p>\n\n<h2 class=\"wp-block-heading\">AB Uyu\u015fmazl\u0131k \u00c7\u00f6z\u00fcm\u00fc<\/h2>\n\n<p>Avrupa Komisyonu, \u00e7evrimi\u00e7i uyu\u015fmazl\u0131k \u00e7\u00f6z\u00fcm\u00fc (OS) i\u00e7in bir platform sunmaktad\u0131r: <a href=\"https:\/\/ec.europa.eu\/consumers\/odr\/main\/index.cfm?event=main.home.chooseLanguage\" target=\"_blank\" rel=\"noreferrer noopener\">https:\/\/ec.europa.eu\/consumers\/odr\/<\/a>.<br\/>E-posta adresimizi yukar\u0131daki k\u00fcnyede bulabilirsiniz.<\/p>\n\n<h2 class=\"wp-block-heading\">T\u00fcketici uyu\u015fmazl\u0131\u011f\u0131 \u00e7\u00f6z\u00fcm\u00fc\/Evrensel arabuluculuk merkezi<\/h2>\n\n<p>Bir t\u00fcketici arabuluculuk merkezinde uyu\u015fmazl\u0131k \u00e7\u00f6z\u00fcm s\u00fcre\u00e7lerine kat\u0131lmaya haz\u0131r de\u011filiz veya y\u00fck\u00fcml\u00fc de\u011filiz.<\/p>\n","protected":false},"excerpt":{"rendered":"<p>Audentic AGAlexanderstra\u00dfe 5445472 M\u00fclheim an der Ruhr Ticaret sicili: 24936Tescil mahkemesi: Duisburg Yerel Mahkemesi Temsil eden:Dr. Holger-Ludwig Riemer Denetim Kurulu Ba\u015fkan\u0131:Dr. Markus Braunewell \u0130leti\u015fim Telefon: +49 (0) 208 782 666-0Faks: +49 (0) 208 782 666-110E-posta: info@audentic.ag KDV Numaras\u0131 KDV Kanunu Madde 27a uyar\u0131nca KDV kimlik numaras\u0131:DE278076323 AB Uyu\u015fmazl\u0131k \u00c7\u00f6z\u00fcm\u00fc Avrupa Komisyonu, \u00e7evrimi\u00e7i uyu\u015fmazl\u0131k \u00e7\u00f6z\u00fcm\u00fc (OS) [&hellip;]<\/p>\n","protected":false},"author":1,"featured_media":0,"parent":0,"menu_order":101,"comment_status":"closed","ping_status":"closed","template":"","meta":{"_acf_changed":false,"footnotes":""},"class_list":["post-1156","page","type-page","status-publish","hentry"],"acf":[],"_links":{"self":[{"href":"https:\/\/www.zahnkostensparen.de\/tr\/wp-json\/wp\/v2\/pages\/1156","targetHints":{"allow":["GET"]}}],"collection":[{"href":"https:\/\/www.zahnkostensparen.de\/tr\/wp-json\/wp\/v2\/pages"}],"about":[{"href":"https:\/\/www.zahnkostensparen.de\/tr\/wp-json\/wp\/v2\/types\/page"}],"author":[{"embeddable":true,"href":"https:\/\/www.zahnkostensparen.de\/tr\/wp-json\/wp\/v2\/users\/1"}],"replies":[{"embeddable":true,"href":"https:\/\/www.zahnkostensparen.de\/tr\/wp-json\/wp\/v2\/comments?post=1156"}],"version-history":[{"count":3,"href":"https:\/\/www.zahnkostensparen.de\/tr\/wp-json\/wp\/v2\/pages\/1156\/revisions"}],"predecessor-version":[{"id":1416,"href":"https:\/\/www.zahnkostensparen.de\/tr\/wp-json\/wp\/v2\/pages\/1156\/revisions\/1416"}],"wp:attachment":[{"href":"https:\/\/www.zahnkostensparen.de\/tr\/wp-json\/wp\/v2\/media?parent=1156"}],"curies":[{"name":"wp","href":"https:\/\/api.w.org\/{rel}","templated":true}]}}